{"id":428,"date":"2025-04-22T15:15:12","date_gmt":"2025-04-22T13:15:12","guid":{"rendered":"https:\/\/mz.uwcstaging.co.uk\/candidaturas\/"},"modified":"2025-09-13T00:16:40","modified_gmt":"2025-09-12T22:16:40","slug":"candidaturas","status":"publish","type":"page","link":"https:\/\/mz.uwcstaging.co.uk\/pt-pt\/candidaturas\/","title":{"rendered":"Candidaturas"},"content":{"rendered":"\n<div class=\"wp-block-studio14-blocks-site-banner-block\"><section class=\"about-banner text-sideBySide about-banner--colorful\" style=\"background-color:transparent\"><img decoding=\"async\" class=\"about-banner-bg\" src=\"http:\/\/s14.uwcstaging.co.uk\/wp-content\/uploads\/sites\/50\/2025\/04\/B36724811010A709A18BB9CE426960E6.png\" alt=\"Como se candidatar\"\/><img decoding=\"async\" class=\"about-banner-graphic\" src=\"\/wp-content\/themes\/uwc-wp\/assets\/images\/circle-graphic-blue-1.png\" alt=\"UWC logo\"\/><div class=\"about-banner-main \"><h1 class=\"about-banner-heading\">Como se candidatar<\/h1><\/div><\/section><\/div>\n\n\n\n<div class=\"wp-block-studio14-blocks-content-wrapper-block content-wrapper\">\n<div style=\"height:100px\" aria-hidden=\"true\" class=\"wp-block-spacer\"><\/div>\n\n\n\n<p style=\"--custom-fontfamily:&quot;Source Sans 3&quot;, sans-serif\" class=\"\">A UWC Mo\u00e7ambique segue um processo de sele\u00e7\u00e3o completo e completo para identificar jovens motivados e talentosos que se alinham com os valores e a miss\u00e3o da UWC.<\/p>\n\n\n\n<div style=\"height:25px\" aria-hidden=\"true\" class=\"wp-block-spacer\"><\/div>\n\n\n\n<p style=\"--custom-fontfamily:&quot;Source Sans 3&quot;, sans-serif\" class=\"\">Antes de iniciares a tua candidatura, sugerimos que:<\/p>\n\n\n\n<div style=\"height:15px\" aria-hidden=\"true\" class=\"wp-block-spacer\"><\/div>\n\n\n\n<ul class=\"wp-block-list\">\n<li>Verifiques os nossos <a href=\"\/apply\/eligibility-criteria\/\">crit\u00e9rios de elegibilidade<\/a> para confirmares se esta \u00e9 a melhor via para te candidatares a um UWC.<\/li>\n\n\n\n<li>Verifique os <a href=\"https:\/\/mz.uwcstaging.co.uk\/uwc-selection-criteria\/\">crit\u00e9rios de sele\u00e7\u00e3o do UWC<\/a> para determinar se voc\u00ea \u00e9 adequado para uma experi\u00eancia no UWC.<\/li>\n<\/ul>\n\n\n\n<div style=\"height:10px\" aria-hidden=\"true\" class=\"wp-block-spacer\"><\/div>\n\n\n\n<p style=\"--custom-fontfamily:&quot;Source Sans 3&quot;, sans-serif\" class=\"\">Voc\u00ea estar\u00e1 pronto para come\u00e7ar sua jornada UWC!<\/p>\n\n\n\n<div style=\"height:50px\" aria-hidden=\"true\" class=\"wp-block-spacer\"><\/div>\n\n\n\n<h6 class=\"wp-block-heading\" id=\"h-estagio-1-fase-de-candidatura-e-avaliacao\" style=\"--custom-fontfamily:&quot;Source Serif 4&quot;, sans-serif\">Est\u00e1gio 1. Fase de candidatura e avalia\u00e7\u00e3o <\/h6>\n\n\n\n<div style=\"height:25px\" aria-hidden=\"true\" class=\"wp-block-spacer\"><\/div>\n\n\n\n<p style=\"--custom-fontfamily:&quot;Source Sans 3&quot;, sans-serif\" class=\"\">O processo de sele\u00e7\u00e3o come\u00e7a com a abertura anual das candidaturas, normalmente a meio do ano. O primeiro passo do processo de sele\u00e7\u00e3o \u00e9 a apresenta\u00e7\u00e3o de uma candidatura. Isto inclui:  <\/p>\n\n\n\n<div style=\"height:15px\" aria-hidden=\"true\" class=\"wp-block-spacer\"><\/div>\n\n\n\n<ul class=\"wp-block-list\">\n<li>Preencher um formul\u00e1rio de <strong>inscri\u00e7\u00e3o on-line<\/strong> com dados pessoais, forma\u00e7\u00e3o acad\u00eamica, atividades extracurriculares e motiva\u00e7\u00f5es para se candidatar \u00e0 UWC.<\/li>\n\n\n\n<li>Submeter <strong>ensaios ou respostas curtas<\/strong> para demonstrar pensamento cr\u00edtico e compromisso com os valores da UWC.<\/li>\n\n\n\n<li>Fornecer <strong>recomenda\u00e7\u00f5es<\/strong> de professores, mentores ou l\u00edderes comunit\u00e1rios.<\/li>\n\n\n\n<li>Enviar comprovativos de notas e <strong>outros documentos necess\u00e1rios<\/strong>.<\/li>\n\n\n\n<li>Autoriza\u00e7\u00e3o assinada pelos encarregados de educa\u00e7\u00e3o.<\/li>\n<\/ul>\n\n\n\n<div style=\"height:15px\" aria-hidden=\"true\" class=\"wp-block-spacer\"><\/div>\n\n\n\n<p class=\"has-text-align-left\" style=\"--custom-fontfamily:&quot;Source Sans 3&quot;, sans-serif\">Uma vez encerrado o per\u00edodo de submiss\u00e3o, um painel de volunt\u00e1rios experientes da UWC realiza uma revis\u00e3o de todas as candidaturas. Esta avalia\u00e7\u00e3o visa avaliar as qualifica\u00e7\u00f5es dos candidatos e o seu alinhamento com os crit\u00e9rios da bolsa. V\u00e1rios elementos, como desempenho acad\u00eamico, participa\u00e7\u00e3o em atividades extracurriculares, ensaios e cartas de recomenda\u00e7\u00e3o s\u00e3o cuidadosamente considerados. As decis\u00f5es sobre a progress\u00e3o para as pr\u00f3ximas etapas s\u00e3o comunicadas em novembro, marcando o fim desta fase inicial do processo seletivo.   <\/p>\n\n\n\n<p style=\"--custom-fontfamily:&quot;Source Sans 3&quot;, sans-serif\" class=\"\"><\/p>\n\n\n\n<p style=\"--custom-fontfamily:&quot;Source Sans 3&quot;, sans-serif\" class=\"\"><\/p>\n\n\n\n<div style=\"height:50px\" aria-hidden=\"true\" class=\"wp-block-spacer\"><\/div>\n\n\n\n<h6 class=\"wp-block-heading\" id=\"h-estagio-2-fim-de-semana-de-atividades\" style=\"--custom-fontfamily:&quot;Source Serif 4&quot;, sans-serif\">Est\u00e1gio 2. Fim de Semana de Atividades <\/h6>\n\n\n\n<div style=\"height:25px\" aria-hidden=\"true\" class=\"wp-block-spacer\"><\/div>\n\n\n\n<p style=\"--custom-fontfamily:&quot;Source Sans 3&quot;, sans-serif\" class=\"\">Ap\u00f3s a avalia\u00e7\u00e3o inicial, os candidatos selecionados passam para a segunda etapa, que ocorre em novembro e dezembro. Ap\u00f3s a avalia\u00e7\u00e3o das candidaturas escritas, s\u00e3o selecionados para prosseguir \u00e0 pr\u00f3xima fase um n\u00famero limitado de candidatos. Estes ser\u00e3o ent\u00e3o convidados a participar de:<\/p>\n\n\n\n<div style=\"height:15px\" aria-hidden=\"true\" class=\"wp-block-spacer\"><\/div>\n\n\n\n<ul class=\"wp-block-list\">\n<li><strong>Testes e Avalia\u00e7\u00f5es Escritas: <\/strong>Estes podem avaliar racioc\u00ednio l\u00f3gico, habilidades de resolu\u00e7\u00e3o de problemas e profici\u00eancia em ingl\u00eas.<\/li>\n\n\n\n<li><strong>Atividades em grupo: <\/strong>Os candidatos se envolvem em tarefas colaborativas de resolu\u00e7\u00e3o de problemas e discuss\u00f5es para avaliar o trabalho em equipe, lideran\u00e7a e adaptabilidade.<\/li>\n\n\n\n<li><strong>Entrevistas individuais: <\/strong>Uma entrevista de painel onde os candidatos discutem as suas motiva\u00e7\u00f5es, aspira\u00e7\u00f5es e alinhamento com os valores da UWC.<\/li>\n\n\n\n<li><strong>Apresenta\u00e7\u00f5es de Projetos:<\/strong> Os candidatos podem ser convidados a apresentar um projeto ou iniciativa pessoal em que tenham trabalhado e que reflita o seu empenho em produzir um impacto positivo.<\/li>\n<\/ul>\n\n\n\n<div style=\"height:15px\" aria-hidden=\"true\" class=\"wp-block-spacer\"><\/div>\n\n\n\n<p style=\"--custom-fontfamily:&quot;Source Sans 3&quot;, sans-serif\" class=\"\">As atividades em grupo oferecem aos candidatos a oportunidade de demonstrar habilidades como trabalho em equipe, lideran\u00e7a e comunica\u00e7\u00e3o. As entrevistas individuais permitem uma explora\u00e7\u00e3o mais profunda das suas motiva\u00e7\u00f5es, aspira\u00e7\u00f5es e qualidades pessoais. Essas intera\u00e7\u00f5es desempenham um papel crucial na avalia\u00e7\u00e3o adicional da adequa\u00e7\u00e3o dos candidatos para as bolsas dispon\u00edveis e seu potencial para contribuir positivamente para a comunidade UWC.  <\/p>\n\n\n\n<div style=\"height:50px\" aria-hidden=\"true\" class=\"wp-block-spacer\"><\/div>\n\n\n\n<h6 class=\"wp-block-heading\" id=\"h-estagio-3-avaliacao-financeira-e-verificacao-de-documentos\" style=\"--custom-fontfamily:&quot;Source Serif 4&quot;, sans-serif\">Est\u00e1gio 3. Avalia\u00e7\u00e3o financeira e verifica\u00e7\u00e3o de documentos <\/h6>\n\n\n\n<div style=\"height:25px\" aria-hidden=\"true\" class=\"wp-block-spacer\"><\/div>\n\n\n\n<p style=\"--custom-fontfamily:&quot;Source Sans 3&quot;, sans-serif\" class=\"\">Ap\u00f3s a conclus\u00e3o das atividades do grupo e entrevistas, os candidatos selecionados passam para a terceira etapa. Tal implica uma avalia\u00e7\u00e3o financeira pormenorizada para determinar as necessidades de cada candidato e a elegibilidade para apoio financeiro. <\/p>\n\n\n\n<div style=\"height:25px\" aria-hidden=\"true\" class=\"wp-block-spacer\"><\/div>\n\n\n\n<p style=\"--custom-fontfamily:&quot;Source Sans 3&quot;, sans-serif\" class=\"\">Segue-se um per\u00edodo de an\u00e1lise aprofundada com a dura\u00e7\u00e3o aproximada de um m\u00eas. Durante este per\u00edodo, o comit\u00e9 de sele\u00e7\u00e3o examina cuidadosamente todos os aspetos do perfil dos candidatos e delibera sobre a sua adequa\u00e7\u00e3o \u00e0s bolsas dispon\u00edveis. <\/p>\n\n\n\n<div style=\"height:50px\" aria-hidden=\"true\" class=\"wp-block-spacer\"><\/div>\n\n\n\n<h6 class=\"wp-block-heading\" id=\"h-estagio-4-fase-de-nomeacao\" style=\"--custom-fontfamily:&quot;Source Serif 4&quot;, sans-serif\">Est\u00e1gio 4. Fase de nomea\u00e7\u00e3o <\/h6>\n\n\n\n<div style=\"height:25px\" aria-hidden=\"true\" class=\"wp-block-spacer\"><\/div>\n\n\n\n<p style=\"--custom-fontfamily:&quot;Source Sans 3&quot;, sans-serif\" class=\"\">Os candidatos aprovados em todas as fases do processo de sele\u00e7\u00e3o passam \u00e0 fase de nomea\u00e7\u00e3o, onde as suas candidaturas s\u00e3o submetidas aos respetivos col\u00e9gios. Embora as institui\u00e7\u00f5es aceitem normalmente candidatos recomendados pelos comit\u00e9s nacionais, reservam-se o direito de tomar a decis\u00e3o final sobre cada candidatura e podem, em alguns casos, recusar a admiss\u00e3o ap\u00f3s a an\u00e1lise dos documentos.<br>Os candidatos selecionados ir\u00e3o: <\/p>\n\n\n\n<div style=\"height:15px\" aria-hidden=\"true\" class=\"wp-block-spacer\"><\/div>\n\n\n\n<ul class=\"wp-block-list\">\n<li>Receber uma <strong>oferta para uma coloca\u00e7\u00e3o UWC<\/strong>, que pode ser total ou parcialmente financiada dependendo da necessidade demonstrada (todos os candidatos ser\u00e3o solicitados a enviar informa\u00e7\u00f5es financeiras para este efeito).<\/li>\n\n\n\n<li>Preencha a documenta\u00e7\u00e3o necess\u00e1ria e os preparativos para a inscri\u00e7\u00e3o.<\/li>\n<\/ul>\n\n\n\n<div style=\"height:50px\" aria-hidden=\"true\" class=\"wp-block-spacer\"><\/div>\n\n\n\n<h6 class=\"wp-block-heading\" id=\"h-etapa-5-decisao-de-admissao\" style=\"--custom-fontfamily:&quot;Source Serif 4&quot;, sans-serif\">Etapa 5: Decis\u00e3o de admiss\u00e3o<\/h6>\n\n\n\n<div style=\"height:25px\" aria-hidden=\"true\" class=\"wp-block-spacer\"><\/div>\n\n\n\n<p style=\"--custom-fontfamily:&quot;Source Sans 3&quot;, sans-serif\" class=\"\">A etapa final do processo de sele\u00e7\u00e3o culmina na decis\u00e3o de admiss\u00e3o do col\u00e9gio, com base nos resultados e recomenda\u00e7\u00f5es das etapas anteriores. Uma vez conclu\u00eddas todas as avalia\u00e7\u00f5es e delibera\u00e7\u00f5es, o comit\u00e9 nacional informa os candidatos da sua aceita\u00e7\u00e3o ou rejei\u00e7\u00e3o no programa de bolsas. <\/p>\n\n\n\n<div style=\"height:25px\" aria-hidden=\"true\" class=\"wp-block-spacer\"><\/div>\n\n\n\n<p style=\"--custom-fontfamily:&quot;Source Sans 3&quot;, sans-serif\" class=\"\">Esta decis\u00e3o final marca a conclus\u00e3o do processo de sele\u00e7\u00e3o e, para os candidatos aprovados, o in\u00edcio de uma jornada educacional transformadora. Representa tamb\u00e9m o culminar de um processo rigoroso e minucioso destinado a identificar e nomear os candidatos que melhor se alinham com a miss\u00e3o e os valores da UWC. <\/p>\n\n\n\n<div style=\"height:50px\" aria-hidden=\"true\" class=\"wp-block-spacer\"><\/div>\n\n\n\n<h6 class=\"wp-block-heading\" id=\"h-datas-importantes\" style=\"--custom-fontfamily:&quot;Source Serif 4&quot;, sans-serif\">Datas importantes<\/h6>\n\n\n\n<div style=\"height:25px\" aria-hidden=\"true\" class=\"wp-block-spacer\"><\/div>\n\n\n\n<ul class=\"wp-block-list\">\n<li><strong>Abertura das candidaturas: <\/strong>3 de junho de 2025<\/li>\n\n\n\n<li><strong>Prazo candidatura:<\/strong> 24 de outubro de 2025<\/li>\n\n\n\n<li><strong>Atividades de Sele\u00e7\u00e3o:<\/strong> Novembro e dezembro de 2025<\/li>\n\n\n\n<li><strong>Decis\u00f5es finais anunciadas:<\/strong> Abril de 2026<\/li>\n<\/ul>\n\n\n\n<div style=\"height:25px\" aria-hidden=\"true\" class=\"wp-block-spacer\"><\/div>\n\n\n\n<p style=\"--custom-fontfamily:&quot;Source Sans 3&quot;, sans-serif\" class=\"\">Para iniciar a sua candidatura, por favor visite a nossa<strong> <a href=\"https:\/\/apply.uwcstaging.co.uk\/prog\/uwc_mozambique_2026-2028\/\" target=\"_blank\" rel=\"noreferrer noopener\">P\u00e1gina de Candidatura<\/a> <\/strong>ou <strong><a href=\"mailto:application@mz.uwcstaging.co.uk\" target=\"_blank\" rel=\"noreferrer noopener\">contacte-nos<\/a> atrav\u00e9s do application@mz.uwcstaging.co.uk.<\/strong><\/p>\n\n\n\n<div style=\"height:23px\" aria-hidden=\"true\" class=\"wp-block-spacer\"><\/div>\n\n\n\n<p style=\"--custom-fontfamily:&quot;Source Sans 3&quot;, sans-serif\" class=\"\">Estamos ansiosos para receber sua inscri\u00e7\u00e3o e receb\u00ea-lo na comunidade UWC!<\/p>\n\n\n\n<div style=\"height:100px\" aria-hidden=\"true\" class=\"wp-block-spacer\"><\/div>\n<\/div>\n","protected":false},"excerpt":{"rendered":"","protected":false},"author":1,"featured_media":0,"parent":0,"menu_order":0,"comment_status":"closed","ping_status":"closed","template":"","meta":{"_acf_changed":false,"content-type":"","subsite_url":"","footnotes":""},"class_list":["post-428","page","type-page","status-publish","hentry"],"acf":[],"yoast_head":"<!-- This site is optimized with the Yoast SEO Premium plugin v25.7.1 (Yoast SEO v27.3) - https:\/\/yoast.com\/product\/yoast-seo-premium-wordpress\/ -->\n<title>Candidaturas - UWC Mozambique<\/title>\n<meta name=\"robots\" content=\"index, follow, max-snippet:-1, max-image-preview:large, max-video-preview:-1\" \/>\n<link rel=\"canonical\" href=\"https:\/\/mz.uwcstaging.co.uk\/pt-pt\/candidaturas\/\" \/>\n<meta property=\"og:locale\" content=\"pt_PT\" \/>\n<meta property=\"og:type\" content=\"article\" \/>\n<meta property=\"og:title\" content=\"Candidaturas\" \/>\n<meta property=\"og:url\" content=\"https:\/\/mz.uwcstaging.co.uk\/pt-pt\/candidaturas\/\" \/>\n<meta property=\"og:site_name\" content=\"UWC Mozambique\" \/>\n<meta property=\"article:publisher\" content=\"https:\/\/www.facebook.com\/ColegiosdelMundoUnidoEspana\/\" \/>\n<meta property=\"article:modified_time\" content=\"2025-09-12T22:16:40+00:00\" \/>\n<meta property=\"og:image\" content=\"http:\/\/s14.uwc.org\/wp-content\/uploads\/sites\/50\/2025\/04\/B36724811010A709A18BB9CE426960E6.png\" \/>\n<meta name=\"twitter:card\" content=\"summary_large_image\" \/>\n<meta name=\"twitter:label1\" content=\"Tempo estimado de leitura\" \/>\n\t<meta name=\"twitter:data1\" content=\"5 minutos\" \/>\n<script type=\"application\/ld+json\" class=\"yoast-schema-graph\">{\"@context\":\"https:\\\/\\\/schema.org\",\"@graph\":[{\"@type\":\"WebPage\",\"@id\":\"https:\\\/\\\/mz.uwcstaging.co.uk\\\/pt-pt\\\/candidaturas\\\/\",\"url\":\"https:\\\/\\\/mz.uwcstaging.co.uk\\\/pt-pt\\\/candidaturas\\\/\",\"name\":\"Candidaturas - UWC Mozambique\",\"isPartOf\":{\"@id\":\"https:\\\/\\\/mz.uwc.org\\\/#website\"},\"primaryImageOfPage\":{\"@id\":\"https:\\\/\\\/mz.uwcstaging.co.uk\\\/pt-pt\\\/candidaturas\\\/#primaryimage\"},\"image\":{\"@id\":\"https:\\\/\\\/mz.uwcstaging.co.uk\\\/pt-pt\\\/candidaturas\\\/#primaryimage\"},\"thumbnailUrl\":\"http:\\\/\\\/s14.uwcstaging.co.uk\\\/wp-content\\\/uploads\\\/sites\\\/50\\\/2025\\\/04\\\/B36724811010A709A18BB9CE426960E6.png\",\"datePublished\":\"2025-04-22T13:15:12+00:00\",\"dateModified\":\"2025-09-12T22:16:40+00:00\",\"breadcrumb\":{\"@id\":\"https:\\\/\\\/mz.uwcstaging.co.uk\\\/pt-pt\\\/candidaturas\\\/#breadcrumb\"},\"inLanguage\":\"pt-PT\",\"potentialAction\":[{\"@type\":\"ReadAction\",\"target\":[\"https:\\\/\\\/mz.uwcstaging.co.uk\\\/pt-pt\\\/candidaturas\\\/\"]}]},{\"@type\":\"ImageObject\",\"inLanguage\":\"pt-PT\",\"@id\":\"https:\\\/\\\/mz.uwcstaging.co.uk\\\/pt-pt\\\/candidaturas\\\/#primaryimage\",\"url\":\"http:\\\/\\\/s14.uwcstaging.co.uk\\\/wp-content\\\/uploads\\\/sites\\\/50\\\/2025\\\/04\\\/B36724811010A709A18BB9CE426960E6.png\",\"contentUrl\":\"http:\\\/\\\/s14.uwcstaging.co.uk\\\/wp-content\\\/uploads\\\/sites\\\/50\\\/2025\\\/04\\\/B36724811010A709A18BB9CE426960E6.png\"},{\"@type\":\"BreadcrumbList\",\"@id\":\"https:\\\/\\\/mz.uwcstaging.co.uk\\\/pt-pt\\\/candidaturas\\\/#breadcrumb\",\"itemListElement\":[{\"@type\":\"ListItem\",\"position\":1,\"name\":\"Home\",\"item\":\"https:\\\/\\\/mz.uwc.org\\\/pt-pt\\\/\"},{\"@type\":\"ListItem\",\"position\":2,\"name\":\"Candidaturas\"}]},{\"@type\":\"WebSite\",\"@id\":\"https:\\\/\\\/mz.uwc.org\\\/#website\",\"url\":\"https:\\\/\\\/mz.uwc.org\\\/\",\"name\":\"UWC Spain\",\"description\":\"\",\"publisher\":{\"@id\":\"https:\\\/\\\/mz.uwc.org\\\/#organization\"},\"potentialAction\":[{\"@type\":\"SearchAction\",\"target\":{\"@type\":\"EntryPoint\",\"urlTemplate\":\"https:\\\/\\\/mz.uwc.org\\\/?s={search_term_string}\"},\"query-input\":{\"@type\":\"PropertyValueSpecification\",\"valueRequired\":true,\"valueName\":\"search_term_string\"}}],\"inLanguage\":\"pt-PT\"},{\"@type\":\"Organization\",\"@id\":\"https:\\\/\\\/mz.uwc.org\\\/#organization\",\"name\":\"UWC Spain\",\"url\":\"https:\\\/\\\/mz.uwc.org\\\/\",\"logo\":{\"@type\":\"ImageObject\",\"inLanguage\":\"pt-PT\",\"@id\":\"https:\\\/\\\/mz.uwc.org\\\/#\\\/schema\\\/logo\\\/image\\\/\",\"url\":\"http:\\\/\\\/spa.uwcstaging.co.uk\\\/wp-content\\\/uploads\\\/sites\\\/11\\\/2025\\\/04\\\/Uwc-Spain-logo.jpg\",\"contentUrl\":\"http:\\\/\\\/spa.uwcstaging.co.uk\\\/wp-content\\\/uploads\\\/sites\\\/11\\\/2025\\\/04\\\/Uwc-Spain-logo.jpg\",\"width\":1957,\"height\":322,\"caption\":\"UWC Spain\"},\"image\":{\"@id\":\"https:\\\/\\\/mz.uwc.org\\\/#\\\/schema\\\/logo\\\/image\\\/\"},\"sameAs\":[\"https:\\\/\\\/www.facebook.com\\\/ColegiosdelMundoUnidoEspana\\\/\",\"https:\\\/\\\/www.youtube.com\\\/user\\\/UWCSpain\",\"https:\\\/\\\/www.linkedin.com\\\/company\\\/fundaci-n-colegios-del-mundo-unido\\\/\",\"https:\\\/\\\/www.instagram.com\\\/uwcespana\\\/\"]}]}<\/script>\n<!-- \/ Yoast SEO Premium plugin. -->","yoast_head_json":{"title":"Candidaturas - UWC Mozambique","robots":{"index":"index","follow":"follow","max-snippet":"max-snippet:-1","max-image-preview":"max-image-preview:large","max-video-preview":"max-video-preview:-1"},"canonical":"https:\/\/mz.uwcstaging.co.uk\/pt-pt\/candidaturas\/","og_locale":"pt_PT","og_type":"article","og_title":"Candidaturas","og_url":"https:\/\/mz.uwcstaging.co.uk\/pt-pt\/candidaturas\/","og_site_name":"UWC Mozambique","article_publisher":"https:\/\/www.facebook.com\/ColegiosdelMundoUnidoEspana\/","article_modified_time":"2025-09-12T22:16:40+00:00","og_image":[{"url":"http:\/\/s14.uwc.org\/wp-content\/uploads\/sites\/50\/2025\/04\/B36724811010A709A18BB9CE426960E6.png","type":"","width":"","height":""}],"twitter_card":"summary_large_image","twitter_misc":{"Tempo estimado de leitura":"5 minutos"},"schema":{"@context":"https:\/\/schema.org","@graph":[{"@type":"WebPage","@id":"https:\/\/mz.uwcstaging.co.uk\/pt-pt\/candidaturas\/","url":"https:\/\/mz.uwcstaging.co.uk\/pt-pt\/candidaturas\/","name":"Candidaturas - UWC Mozambique","isPartOf":{"@id":"https:\/\/mz.uwc.org\/#website"},"primaryImageOfPage":{"@id":"https:\/\/mz.uwcstaging.co.uk\/pt-pt\/candidaturas\/#primaryimage"},"image":{"@id":"https:\/\/mz.uwcstaging.co.uk\/pt-pt\/candidaturas\/#primaryimage"},"thumbnailUrl":"http:\/\/s14.uwcstaging.co.uk\/wp-content\/uploads\/sites\/50\/2025\/04\/B36724811010A709A18BB9CE426960E6.png","datePublished":"2025-04-22T13:15:12+00:00","dateModified":"2025-09-12T22:16:40+00:00","breadcrumb":{"@id":"https:\/\/mz.uwcstaging.co.uk\/pt-pt\/candidaturas\/#breadcrumb"},"inLanguage":"pt-PT","potentialAction":[{"@type":"ReadAction","target":["https:\/\/mz.uwcstaging.co.uk\/pt-pt\/candidaturas\/"]}]},{"@type":"ImageObject","inLanguage":"pt-PT","@id":"https:\/\/mz.uwcstaging.co.uk\/pt-pt\/candidaturas\/#primaryimage","url":"http:\/\/s14.uwcstaging.co.uk\/wp-content\/uploads\/sites\/50\/2025\/04\/B36724811010A709A18BB9CE426960E6.png","contentUrl":"http:\/\/s14.uwcstaging.co.uk\/wp-content\/uploads\/sites\/50\/2025\/04\/B36724811010A709A18BB9CE426960E6.png"},{"@type":"BreadcrumbList","@id":"https:\/\/mz.uwcstaging.co.uk\/pt-pt\/candidaturas\/#breadcrumb","itemListElement":[{"@type":"ListItem","position":1,"name":"Home","item":"https:\/\/mz.uwc.org\/pt-pt\/"},{"@type":"ListItem","position":2,"name":"Candidaturas"}]},{"@type":"WebSite","@id":"https:\/\/mz.uwc.org\/#website","url":"https:\/\/mz.uwc.org\/","name":"UWC Spain","description":"","publisher":{"@id":"https:\/\/mz.uwc.org\/#organization"},"potentialAction":[{"@type":"SearchAction","target":{"@type":"EntryPoint","urlTemplate":"https:\/\/mz.uwc.org\/?s={search_term_string}"},"query-input":{"@type":"PropertyValueSpecification","valueRequired":true,"valueName":"search_term_string"}}],"inLanguage":"pt-PT"},{"@type":"Organization","@id":"https:\/\/mz.uwc.org\/#organization","name":"UWC Spain","url":"https:\/\/mz.uwc.org\/","logo":{"@type":"ImageObject","inLanguage":"pt-PT","@id":"https:\/\/mz.uwc.org\/#\/schema\/logo\/image\/","url":"http:\/\/spa.uwcstaging.co.uk\/wp-content\/uploads\/sites\/11\/2025\/04\/Uwc-Spain-logo.jpg","contentUrl":"http:\/\/spa.uwcstaging.co.uk\/wp-content\/uploads\/sites\/11\/2025\/04\/Uwc-Spain-logo.jpg","width":1957,"height":322,"caption":"UWC Spain"},"image":{"@id":"https:\/\/mz.uwc.org\/#\/schema\/logo\/image\/"},"sameAs":["https:\/\/www.facebook.com\/ColegiosdelMundoUnidoEspana\/","https:\/\/www.youtube.com\/user\/UWCSpain","https:\/\/www.linkedin.com\/company\/fundaci-n-colegios-del-mundo-unido\/","https:\/\/www.instagram.com\/uwcespana\/"]}]}},"_links":{"self":[{"href":"https:\/\/mz.uwcstaging.co.uk\/pt-pt\/wp-json\/wp\/v2\/pages\/428","targetHints":{"allow":["GET"]}}],"collection":[{"href":"https:\/\/mz.uwcstaging.co.uk\/pt-pt\/wp-json\/wp\/v2\/pages"}],"about":[{"href":"https:\/\/mz.uwcstaging.co.uk\/pt-pt\/wp-json\/wp\/v2\/types\/page"}],"author":[{"embeddable":true,"href":"https:\/\/mz.uwcstaging.co.uk\/pt-pt\/wp-json\/wp\/v2\/users\/1"}],"replies":[{"embeddable":true,"href":"https:\/\/mz.uwcstaging.co.uk\/pt-pt\/wp-json\/wp\/v2\/comments?post=428"}],"version-history":[{"count":3,"href":"https:\/\/mz.uwcstaging.co.uk\/pt-pt\/wp-json\/wp\/v2\/pages\/428\/revisions"}],"predecessor-version":[{"id":613,"href":"https:\/\/mz.uwcstaging.co.uk\/pt-pt\/wp-json\/wp\/v2\/pages\/428\/revisions\/613"}],"wp:attachment":[{"href":"https:\/\/mz.uwcstaging.co.uk\/pt-pt\/wp-json\/wp\/v2\/media?parent=428"}],"curies":[{"name":"wp","href":"https:\/\/api.w.org\/{rel}","templated":true}]}}