{"id":439,"date":"2025-04-17T18:47:24","date_gmt":"2025-04-17T16:47:24","guid":{"rendered":"https:\/\/mz.uwcstaging.co.uk\/promove\/"},"modified":"2025-09-13T00:25:40","modified_gmt":"2025-09-12T22:25:40","slug":"promove","status":"publish","type":"page","link":"https:\/\/mz.uwcstaging.co.uk\/pt-pt\/promove\/","title":{"rendered":"Promove"},"content":{"rendered":"\n<div class=\"wp-block-studio14-blocks-site-banner-block\"><section class=\"about-banner text-centered about-banner--gradient-red\" style=\"background-color:transparent\"><img decoding=\"async\" class=\"about-banner-bg\" src=\"http:\/\/mz.uwcstaging.co.uk\/wp-content\/uploads\/sites\/108\/2025\/02\/6140-1-scaled-1.jpg\" alt=\"Promova o UWC Mo\u00e7ambique\"\/><div class=\"about-banner-main centered\"><h1 class=\"about-banner-heading\">Promova o UWC Mo\u00e7ambique<\/h1><\/div><\/section><\/div>\n\n\n\n<div class=\"wp-block-studio14-blocks-content-wrapper-block content-wrapper\">\n<div style=\"height:100px\" aria-hidden=\"true\" class=\"wp-block-spacer\"><\/div>\n\n\n\n<h6 class=\"wp-block-heading\" id=\"h-espalhar-a-palavra-sobre-uwc-e-uwc-mocambique-e-facil-nao-importa-quanto-tempo-voce-tenha\" style=\"--custom-fontfamily:&quot;Source Serif 4&quot;, sans-serif\">Espalhar a palavra sobre UWC e UWC Mo\u00e7ambique \u00e9 f\u00e1cil, n\u00e3o importa quanto tempo voc\u00ea tenha!<\/h6>\n\n\n\n<div style=\"height:40px\" aria-hidden=\"true\" class=\"wp-block-spacer\"><\/div>\n\n\n\n<ul class=\"wp-block-list\">\n<li><strong>Menos de 30 segundos:<\/strong> Curta nossa p\u00e1gina no Facebook e siga nossa conta no Instagram, e conte para sua fam\u00edlia e amigos!<\/li>\n\n\n\n<li><strong>Menos de 10 minutos: <\/strong>Partilhe as nossas campanhas de promo\u00e7\u00e3o UWC nas suas plataformas de redes sociais ou junte-se \u00e0 nossa mais recente campanha!<\/li>\n\n\n\n<li><strong>Menos de 30 minutos: <\/strong>Escreva um artigo ou fa\u00e7a um v\u00eddeo\/cartaz gr\u00e1fico no UWC e partilhe-o com os seus seguidores nas redes sociais ou envie-o para o seu jornal online local.<\/li>\n\n\n\n<li><strong>Menos de 60 minutos: <\/strong>Entre em contato com suas escolas locais e pe\u00e7a para fazer uma apresenta\u00e7\u00e3o &#8211; voc\u00ea pode realmente impressionar os alunos sobre UWC! (N\u00e3o se preocupe, temos uma apresenta\u00e7\u00e3o com um script que est\u00e1 dispon\u00edvel para voc\u00ea usar!). Por favor<strong>, envie-info@mz.uwcstaging.co.uk um e-mail para obter uma c\u00f3pia do pacote de apresenta\u00e7\u00e3o.<\/strong>  <\/li>\n<\/ul>\n\n\n\n<div style=\"height:50px\" aria-hidden=\"true\" class=\"wp-block-spacer\"><\/div>\n\n\n\n<p style=\"--custom-fontfamily:&quot;Source Sans 3&quot;, sans-serif\" class=\"\">Se voc\u00ea tem sua pr\u00f3pria hist\u00f3ria para contar, escreva-nos <strong>para info@mz.uwcstaging.co.uk <\/strong>sobre sua experi\u00eancia UWC e podemos us\u00e1-la em nosso material publicit\u00e1rio.&nbsp;<\/p>\n\n\n\n<div style=\"height:70px\" aria-hidden=\"true\" class=\"wp-block-spacer\"><\/div>\n\n\n\n<h6 class=\"wp-block-heading\" id=\"h-uwc-mocambique-nas-redes-sociais\" style=\"--custom-fontfamily:&quot;Source Serif 4&quot;, sans-serif\">UWC Mo\u00e7ambique nas Redes Sociais:<\/h6>\n\n\n\n<div style=\"height:39px\" aria-hidden=\"true\" class=\"wp-block-spacer\"><\/div>\n\n\n\n<ul class=\"wp-block-social-links alignleft has-large-icon-size is-horizontal is-content-justification-left is-layout-flex wp-container-core-social-links-is-layout-7e5fce0a wp-block-social-links-is-layout-flex\"><li class=\"wp-social-link wp-social-link-facebook  wp-block-social-link\"><a rel=\"noopener nofollow\" target=\"_blank\" href=\"https:\/\/www.facebook.com\/UWCMoz\" class=\"wp-block-social-link-anchor\"><svg width=\"24\" height=\"24\" viewBox=\"0 0 24 24\" version=\"1.1\" xmlns=\"http:\/\/www.w3.org\/2000\/svg\" aria-hidden=\"true\" focusable=\"false\"><path d=\"M12 2C6.5 2 2 6.5 2 12c0 5 3.7 9.1 8.4 9.9v-7H7.9V12h2.5V9.8c0-2.5 1.5-3.9 3.8-3.9 1.1 0 2.2.2 2.2.2v2.5h-1.3c-1.2 0-1.6.8-1.6 1.6V12h2.8l-.4 2.9h-2.3v7C18.3 21.1 22 17 22 12c0-5.5-4.5-10-10-10z\"><\/path><\/svg><span class=\"wp-block-social-link-label screen-reader-text\">Facebook<\/span><\/a><\/li>\n\n<li class=\"wp-social-link wp-social-link-instagram  wp-block-social-link\"><a rel=\"noopener nofollow\" target=\"_blank\" href=\"https:\/\/www.instagram.com\/uwcmozambique\/\" class=\"wp-block-social-link-anchor\"><svg width=\"24\" height=\"24\" viewBox=\"0 0 24 24\" version=\"1.1\" xmlns=\"http:\/\/www.w3.org\/2000\/svg\" aria-hidden=\"true\" focusable=\"false\"><path d=\"M12,4.622c2.403,0,2.688,0.009,3.637,0.052c0.877,0.04,1.354,0.187,1.671,0.31c0.42,0.163,0.72,0.358,1.035,0.673 c0.315,0.315,0.51,0.615,0.673,1.035c0.123,0.317,0.27,0.794,0.31,1.671c0.043,0.949,0.052,1.234,0.052,3.637 s-0.009,2.688-0.052,3.637c-0.04,0.877-0.187,1.354-0.31,1.671c-0.163,0.42-0.358,0.72-0.673,1.035 c-0.315,0.315-0.615,0.51-1.035,0.673c-0.317,0.123-0.794,0.27-1.671,0.31c-0.949,0.043-1.233,0.052-3.637,0.052 s-2.688-0.009-3.637-0.052c-0.877-0.04-1.354-0.187-1.671-0.31c-0.42-0.163-0.72-0.358-1.035-0.673 c-0.315-0.315-0.51-0.615-0.673-1.035c-0.123-0.317-0.27-0.794-0.31-1.671C4.631,14.688,4.622,14.403,4.622,12 s0.009-2.688,0.052-3.637c0.04-0.877,0.187-1.354,0.31-1.671c0.163-0.42,0.358-0.72,0.673-1.035 c0.315-0.315,0.615-0.51,1.035-0.673c0.317-0.123,0.794-0.27,1.671-0.31C9.312,4.631,9.597,4.622,12,4.622 M12,3 C9.556,3,9.249,3.01,8.289,3.054C7.331,3.098,6.677,3.25,6.105,3.472C5.513,3.702,5.011,4.01,4.511,4.511 c-0.5,0.5-0.808,1.002-1.038,1.594C3.25,6.677,3.098,7.331,3.054,8.289C3.01,9.249,3,9.556,3,12c0,2.444,0.01,2.751,0.054,3.711 c0.044,0.958,0.196,1.612,0.418,2.185c0.23,0.592,0.538,1.094,1.038,1.594c0.5,0.5,1.002,0.808,1.594,1.038 c0.572,0.222,1.227,0.375,2.185,0.418C9.249,20.99,9.556,21,12,21s2.751-0.01,3.711-0.054c0.958-0.044,1.612-0.196,2.185-0.418 c0.592-0.23,1.094-0.538,1.594-1.038c0.5-0.5,0.808-1.002,1.038-1.594c0.222-0.572,0.375-1.227,0.418-2.185 C20.99,14.751,21,14.444,21,12s-0.01-2.751-0.054-3.711c-0.044-0.958-0.196-1.612-0.418-2.185c-0.23-0.592-0.538-1.094-1.038-1.594 c-0.5-0.5-1.002-0.808-1.594-1.038c-0.572-0.222-1.227-0.375-2.185-0.418C14.751,3.01,14.444,3,12,3L12,3z M12,7.378 c-2.552,0-4.622,2.069-4.622,4.622S9.448,16.622,12,16.622s4.622-2.069,4.622-4.622S14.552,7.378,12,7.378z M12,15 c-1.657,0-3-1.343-3-3s1.343-3,3-3s3,1.343,3,3S13.657,15,12,15z M16.804,6.116c-0.596,0-1.08,0.484-1.08,1.08 s0.484,1.08,1.08,1.08c0.596,0,1.08-0.484,1.08-1.08S17.401,6.116,16.804,6.116z\"><\/path><\/svg><span class=\"wp-block-social-link-label screen-reader-text\">Instagram<\/span><\/a><\/li>\n\n<li class=\"wp-social-link wp-social-link-linkedin  wp-block-social-link\"><a rel=\"noopener nofollow\" target=\"_blank\" href=\"https:\/\/www.linkedin.com\/company\/uwc-mozambique\/\" class=\"wp-block-social-link-anchor\"><svg width=\"24\" height=\"24\" viewBox=\"0 0 24 24\" version=\"1.1\" xmlns=\"http:\/\/www.w3.org\/2000\/svg\" aria-hidden=\"true\" focusable=\"false\"><path d=\"M19.7,3H4.3C3.582,3,3,3.582,3,4.3v15.4C3,20.418,3.582,21,4.3,21h15.4c0.718,0,1.3-0.582,1.3-1.3V4.3 C21,3.582,20.418,3,19.7,3z M8.339,18.338H5.667v-8.59h2.672V18.338z M7.004,8.574c-0.857,0-1.549-0.694-1.549-1.548 c0-0.855,0.691-1.548,1.549-1.548c0.854,0,1.547,0.694,1.547,1.548C8.551,7.881,7.858,8.574,7.004,8.574z M18.339,18.338h-2.669 v-4.177c0-0.996-0.017-2.278-1.387-2.278c-1.389,0-1.601,1.086-1.601,2.206v4.249h-2.667v-8.59h2.559v1.174h0.037 c0.356-0.675,1.227-1.387,2.526-1.387c2.703,0,3.203,1.779,3.203,4.092V18.338z\"><\/path><\/svg><span class=\"wp-block-social-link-label screen-reader-text\">LinkedIn<\/span><\/a><\/li><\/ul>\n<\/div>\n\n\n\n<div style=\"height:100px\" aria-hidden=\"true\" class=\"wp-block-spacer\"><\/div>\n\n\n\n<p style=\"--custom-fontfamily:&quot;Source Sans 3&quot;, sans-serif\" class=\"\"><\/p>\n","protected":false},"excerpt":{"rendered":"","protected":false},"author":1,"featured_media":0,"parent":0,"menu_order":0,"comment_status":"closed","ping_status":"closed","template":"","meta":{"_acf_changed":false,"content-type":"","subsite_url":"","footnotes":""},"class_list":["post-439","page","type-page","status-publish","hentry"],"acf":[],"yoast_head":"<!-- This site is optimized with the Yoast SEO Premium plugin v25.7.1 (Yoast SEO v27.3) - https:\/\/yoast.com\/product\/yoast-seo-premium-wordpress\/ -->\n<title>Promove - UWC Mozambique<\/title>\n<meta name=\"robots\" content=\"index, follow, max-snippet:-1, max-image-preview:large, max-video-preview:-1\" \/>\n<link rel=\"canonical\" href=\"https:\/\/mz.uwcstaging.co.uk\/pt-pt\/promove\/\" \/>\n<meta property=\"og:locale\" content=\"pt_PT\" \/>\n<meta property=\"og:type\" content=\"article\" \/>\n<meta property=\"og:title\" content=\"Promove\" \/>\n<meta property=\"og:url\" content=\"https:\/\/mz.uwcstaging.co.uk\/pt-pt\/promove\/\" \/>\n<meta property=\"og:site_name\" content=\"UWC Mozambique\" \/>\n<meta property=\"article:publisher\" content=\"https:\/\/www.facebook.com\/ColegiosdelMundoUnidoEspana\/\" \/>\n<meta property=\"article:modified_time\" content=\"2025-09-12T22:25:40+00:00\" \/>\n<meta property=\"og:image\" content=\"http:\/\/mz.uwc.org\/wp-content\/uploads\/sites\/108\/2025\/02\/6140-1-scaled-1.jpg\" \/>\n<meta name=\"twitter:card\" content=\"summary_large_image\" \/>\n<meta name=\"twitter:label1\" content=\"Tempo estimado de leitura\" \/>\n\t<meta name=\"twitter:data1\" content=\"2 minutos\" \/>\n<script type=\"application\/ld+json\" class=\"yoast-schema-graph\">{\"@context\":\"https:\\\/\\\/schema.org\",\"@graph\":[{\"@type\":\"WebPage\",\"@id\":\"https:\\\/\\\/mz.uwcstaging.co.uk\\\/pt-pt\\\/promove\\\/\",\"url\":\"https:\\\/\\\/mz.uwcstaging.co.uk\\\/pt-pt\\\/promove\\\/\",\"name\":\"Promove - UWC Mozambique\",\"isPartOf\":{\"@id\":\"https:\\\/\\\/mz.uwc.org\\\/#website\"},\"primaryImageOfPage\":{\"@id\":\"https:\\\/\\\/mz.uwcstaging.co.uk\\\/pt-pt\\\/promove\\\/#primaryimage\"},\"image\":{\"@id\":\"https:\\\/\\\/mz.uwcstaging.co.uk\\\/pt-pt\\\/promove\\\/#primaryimage\"},\"thumbnailUrl\":\"http:\\\/\\\/mz.uwcstaging.co.uk\\\/wp-content\\\/uploads\\\/sites\\\/108\\\/2025\\\/02\\\/6140-1-scaled-1.jpg\",\"datePublished\":\"2025-04-17T16:47:24+00:00\",\"dateModified\":\"2025-09-12T22:25:40+00:00\",\"breadcrumb\":{\"@id\":\"https:\\\/\\\/mz.uwcstaging.co.uk\\\/pt-pt\\\/promove\\\/#breadcrumb\"},\"inLanguage\":\"pt-PT\",\"potentialAction\":[{\"@type\":\"ReadAction\",\"target\":[\"https:\\\/\\\/mz.uwcstaging.co.uk\\\/pt-pt\\\/promove\\\/\"]}]},{\"@type\":\"ImageObject\",\"inLanguage\":\"pt-PT\",\"@id\":\"https:\\\/\\\/mz.uwcstaging.co.uk\\\/pt-pt\\\/promove\\\/#primaryimage\",\"url\":\"http:\\\/\\\/mz.uwcstaging.co.uk\\\/wp-content\\\/uploads\\\/sites\\\/108\\\/2025\\\/02\\\/6140-1-scaled-1.jpg\",\"contentUrl\":\"http:\\\/\\\/mz.uwcstaging.co.uk\\\/wp-content\\\/uploads\\\/sites\\\/108\\\/2025\\\/02\\\/6140-1-scaled-1.jpg\"},{\"@type\":\"BreadcrumbList\",\"@id\":\"https:\\\/\\\/mz.uwcstaging.co.uk\\\/pt-pt\\\/promove\\\/#breadcrumb\",\"itemListElement\":[{\"@type\":\"ListItem\",\"position\":1,\"name\":\"Home\",\"item\":\"https:\\\/\\\/mz.uwc.org\\\/pt-pt\\\/\"},{\"@type\":\"ListItem\",\"position\":2,\"name\":\"Promove\"}]},{\"@type\":\"WebSite\",\"@id\":\"https:\\\/\\\/mz.uwc.org\\\/#website\",\"url\":\"https:\\\/\\\/mz.uwc.org\\\/\",\"name\":\"UWC Spain\",\"description\":\"\",\"publisher\":{\"@id\":\"https:\\\/\\\/mz.uwc.org\\\/#organization\"},\"potentialAction\":[{\"@type\":\"SearchAction\",\"target\":{\"@type\":\"EntryPoint\",\"urlTemplate\":\"https:\\\/\\\/mz.uwc.org\\\/?s={search_term_string}\"},\"query-input\":{\"@type\":\"PropertyValueSpecification\",\"valueRequired\":true,\"valueName\":\"search_term_string\"}}],\"inLanguage\":\"pt-PT\"},{\"@type\":\"Organization\",\"@id\":\"https:\\\/\\\/mz.uwc.org\\\/#organization\",\"name\":\"UWC Spain\",\"url\":\"https:\\\/\\\/mz.uwc.org\\\/\",\"logo\":{\"@type\":\"ImageObject\",\"inLanguage\":\"pt-PT\",\"@id\":\"https:\\\/\\\/mz.uwc.org\\\/#\\\/schema\\\/logo\\\/image\\\/\",\"url\":\"http:\\\/\\\/spa.uwcstaging.co.uk\\\/wp-content\\\/uploads\\\/sites\\\/11\\\/2025\\\/04\\\/Uwc-Spain-logo.jpg\",\"contentUrl\":\"http:\\\/\\\/spa.uwcstaging.co.uk\\\/wp-content\\\/uploads\\\/sites\\\/11\\\/2025\\\/04\\\/Uwc-Spain-logo.jpg\",\"width\":1957,\"height\":322,\"caption\":\"UWC Spain\"},\"image\":{\"@id\":\"https:\\\/\\\/mz.uwc.org\\\/#\\\/schema\\\/logo\\\/image\\\/\"},\"sameAs\":[\"https:\\\/\\\/www.facebook.com\\\/ColegiosdelMundoUnidoEspana\\\/\",\"https:\\\/\\\/www.youtube.com\\\/user\\\/UWCSpain\",\"https:\\\/\\\/www.linkedin.com\\\/company\\\/fundaci-n-colegios-del-mundo-unido\\\/\",\"https:\\\/\\\/www.instagram.com\\\/uwcespana\\\/\"]}]}<\/script>\n<!-- \/ Yoast SEO Premium plugin. -->","yoast_head_json":{"title":"Promove - UWC Mozambique","robots":{"index":"index","follow":"follow","max-snippet":"max-snippet:-1","max-image-preview":"max-image-preview:large","max-video-preview":"max-video-preview:-1"},"canonical":"https:\/\/mz.uwcstaging.co.uk\/pt-pt\/promove\/","og_locale":"pt_PT","og_type":"article","og_title":"Promove","og_url":"https:\/\/mz.uwcstaging.co.uk\/pt-pt\/promove\/","og_site_name":"UWC Mozambique","article_publisher":"https:\/\/www.facebook.com\/ColegiosdelMundoUnidoEspana\/","article_modified_time":"2025-09-12T22:25:40+00:00","og_image":[{"url":"http:\/\/mz.uwc.org\/wp-content\/uploads\/sites\/108\/2025\/02\/6140-1-scaled-1.jpg","type":"","width":"","height":""}],"twitter_card":"summary_large_image","twitter_misc":{"Tempo estimado de leitura":"2 minutos"},"schema":{"@context":"https:\/\/schema.org","@graph":[{"@type":"WebPage","@id":"https:\/\/mz.uwcstaging.co.uk\/pt-pt\/promove\/","url":"https:\/\/mz.uwcstaging.co.uk\/pt-pt\/promove\/","name":"Promove - UWC Mozambique","isPartOf":{"@id":"https:\/\/mz.uwc.org\/#website"},"primaryImageOfPage":{"@id":"https:\/\/mz.uwcstaging.co.uk\/pt-pt\/promove\/#primaryimage"},"image":{"@id":"https:\/\/mz.uwcstaging.co.uk\/pt-pt\/promove\/#primaryimage"},"thumbnailUrl":"http:\/\/mz.uwcstaging.co.uk\/wp-content\/uploads\/sites\/108\/2025\/02\/6140-1-scaled-1.jpg","datePublished":"2025-04-17T16:47:24+00:00","dateModified":"2025-09-12T22:25:40+00:00","breadcrumb":{"@id":"https:\/\/mz.uwcstaging.co.uk\/pt-pt\/promove\/#breadcrumb"},"inLanguage":"pt-PT","potentialAction":[{"@type":"ReadAction","target":["https:\/\/mz.uwcstaging.co.uk\/pt-pt\/promove\/"]}]},{"@type":"ImageObject","inLanguage":"pt-PT","@id":"https:\/\/mz.uwcstaging.co.uk\/pt-pt\/promove\/#primaryimage","url":"http:\/\/mz.uwcstaging.co.uk\/wp-content\/uploads\/sites\/108\/2025\/02\/6140-1-scaled-1.jpg","contentUrl":"http:\/\/mz.uwcstaging.co.uk\/wp-content\/uploads\/sites\/108\/2025\/02\/6140-1-scaled-1.jpg"},{"@type":"BreadcrumbList","@id":"https:\/\/mz.uwcstaging.co.uk\/pt-pt\/promove\/#breadcrumb","itemListElement":[{"@type":"ListItem","position":1,"name":"Home","item":"https:\/\/mz.uwc.org\/pt-pt\/"},{"@type":"ListItem","position":2,"name":"Promove"}]},{"@type":"WebSite","@id":"https:\/\/mz.uwc.org\/#website","url":"https:\/\/mz.uwc.org\/","name":"UWC Spain","description":"","publisher":{"@id":"https:\/\/mz.uwc.org\/#organization"},"potentialAction":[{"@type":"SearchAction","target":{"@type":"EntryPoint","urlTemplate":"https:\/\/mz.uwc.org\/?s={search_term_string}"},"query-input":{"@type":"PropertyValueSpecification","valueRequired":true,"valueName":"search_term_string"}}],"inLanguage":"pt-PT"},{"@type":"Organization","@id":"https:\/\/mz.uwc.org\/#organization","name":"UWC Spain","url":"https:\/\/mz.uwc.org\/","logo":{"@type":"ImageObject","inLanguage":"pt-PT","@id":"https:\/\/mz.uwc.org\/#\/schema\/logo\/image\/","url":"http:\/\/spa.uwcstaging.co.uk\/wp-content\/uploads\/sites\/11\/2025\/04\/Uwc-Spain-logo.jpg","contentUrl":"http:\/\/spa.uwcstaging.co.uk\/wp-content\/uploads\/sites\/11\/2025\/04\/Uwc-Spain-logo.jpg","width":1957,"height":322,"caption":"UWC Spain"},"image":{"@id":"https:\/\/mz.uwc.org\/#\/schema\/logo\/image\/"},"sameAs":["https:\/\/www.facebook.com\/ColegiosdelMundoUnidoEspana\/","https:\/\/www.youtube.com\/user\/UWCSpain","https:\/\/www.linkedin.com\/company\/fundaci-n-colegios-del-mundo-unido\/","https:\/\/www.instagram.com\/uwcespana\/"]}]}},"_links":{"self":[{"href":"https:\/\/mz.uwcstaging.co.uk\/pt-pt\/wp-json\/wp\/v2\/pages\/439","targetHints":{"allow":["GET"]}}],"collection":[{"href":"https:\/\/mz.uwcstaging.co.uk\/pt-pt\/wp-json\/wp\/v2\/pages"}],"about":[{"href":"https:\/\/mz.uwcstaging.co.uk\/pt-pt\/wp-json\/wp\/v2\/types\/page"}],"author":[{"embeddable":true,"href":"https:\/\/mz.uwcstaging.co.uk\/pt-pt\/wp-json\/wp\/v2\/users\/1"}],"replies":[{"embeddable":true,"href":"https:\/\/mz.uwcstaging.co.uk\/pt-pt\/wp-json\/wp\/v2\/comments?post=439"}],"version-history":[{"count":3,"href":"https:\/\/mz.uwcstaging.co.uk\/pt-pt\/wp-json\/wp\/v2\/pages\/439\/revisions"}],"predecessor-version":[{"id":616,"href":"https:\/\/mz.uwcstaging.co.uk\/pt-pt\/wp-json\/wp\/v2\/pages\/439\/revisions\/616"}],"wp:attachment":[{"href":"https:\/\/mz.uwcstaging.co.uk\/pt-pt\/wp-json\/wp\/v2\/media?parent=439"}],"curies":[{"name":"wp","href":"https:\/\/api.w.org\/{rel}","templated":true}]}}