{"id":443,"date":"2025-04-17T18:45:25","date_gmt":"2025-04-17T18:45:25","guid":{"rendered":"https:\/\/mz.uwcstaging.co.uk\/voluntario\/"},"modified":"2025-09-12T15:04:58","modified_gmt":"2025-09-12T15:04:58","slug":"voluntario","status":"publish","type":"page","link":"https:\/\/mz.uwcstaging.co.uk\/pt-pt\/voluntario\/","title":{"rendered":"Volunt\u00e1rio"},"content":{"rendered":"\n<div class=\"wp-block-studio14-blocks-site-banner-block\"><section class=\"about-banner text-sideBySide about-banner--gradient-red\" style=\"background-color:transparent\"><img decoding=\"async\" class=\"about-banner-bg\" src=\"http:\/\/s14.uwcstaging.co.uk\/wp-content\/uploads\/sites\/50\/2025\/04\/Caligraphy-UWC-Changshu-China-scaled.jpg\" alt=\"Promova o UWC Mo\u00e7ambique\"\/><div class=\"about-banner-main \"><h1 class=\"about-banner-heading\">Promova o UWC Mo\u00e7ambique<\/h1><\/div><\/section><\/div>\n\n\n\n<div class=\"wp-block-studio14-blocks-content-wrapper-block content-wrapper\">\n<div style=\"height:100px\" aria-hidden=\"true\" class=\"wp-block-spacer\"><\/div>\n\n\n\n<p style=\"--custom-fontfamily:&quot;Source Sans 3&quot;, sans-serif\" class=\"\">O UWC baseiam-se na paix\u00e3o e no compromisso de mais de 5.000 volunt\u00e1rios em todo o mundo. Existem muitas formas de se envolver no movimento. Acolhemos as contribui\u00e7\u00f5es de pessoas de todas as origens e etapas da vida, seja um profissional experiente que pretende contribuir para uma causa valiosa, ou um jovem rec\u00e9m-licenciado \u00e0 procura de experi\u00eancia profissional relevante.  <\/p>\n\n\n\n<div style=\"height:20px\" aria-hidden=\"true\" class=\"wp-block-spacer\"><\/div>\n\n\n\n<p style=\"--custom-fontfamily:&quot;Source Sans 3&quot;, sans-serif\" class=\"\">O voluntariado com a UWC Mo\u00e7ambique pode ser uma experi\u00eancia extremamente gratificante. Queremos que se junte a n\u00f3s e ajude a moldar a dire\u00e7\u00e3o da nossa organiza\u00e7\u00e3o para que possamos continuar a crescer e a desenvolver-nos. <\/p>\n\n\n\n<div style=\"height:20px\" aria-hidden=\"true\" class=\"wp-block-spacer\"><\/div>\n\n\n\n<p style=\"--custom-fontfamily:&quot;Source Sans 3&quot;, sans-serif\" class=\"\">Se voc\u00ea \u00e9 um ex-aluno da UWC procurando retribuir ao movimento da UWC, um pai de um aluno da UWC com o desejo de contribuir para a miss\u00e3o da UWC, ou um rec\u00e9m-graduado procurando ganhar alguma experi\u00eancia de trabalho valiosa, h\u00e1 muitas maneiras de voc\u00ea se envolver como volunt\u00e1rio conosco!<\/p>\n\n\n\n<div style=\"height:40px\" aria-hidden=\"true\" class=\"wp-block-spacer\"><\/div>\n\n\n\n<h6 class=\"wp-block-heading\" id=\"h-oportunidades-de-voluntariado\" style=\"--custom-fontfamily:&quot;Source Serif 4&quot;, sans-serif;--custom-fontfamily-tablet:\"Source Serif 4&quot;, sans-serif;--custom-fontfamily-mobile:\"Source Serif 4&quot;, sans-serif\">Oportunidades de voluntariado<\/h6>\n\n\n\n<div style=\"height:30px\" aria-hidden=\"true\" class=\"wp-block-spacer\"><\/div>\n\n\n\n<p style=\"--custom-fontfamily:&quot;Source Sans 3&quot;, sans-serif\" class=\"\">Sensibilizamos para as oportunidades educativas \u00fanicas da UWC em Mo\u00e7ambique, garantindo que estudantes de todas as origens possam aprender e candidatar-se \u00e0s escolas e faculdades da UWC. Para mais informa\u00e7\u00f5es e para registar o seu interesse, por favor envie-nos um e-mail para<strong> <a href=\"mailto:info@mz.uwcstaging.co.uk\">info@mz.uwcstaging.co.uk<\/a><\/strong>. <\/p>\n\n\n\n<div style=\"height:39px\" aria-hidden=\"true\" class=\"wp-block-spacer\"><\/div>\n\n\n\n<div style=\"height:115px\" aria-hidden=\"true\" class=\"wp-block-spacer\"><\/div>\n<\/div>\n","protected":false},"excerpt":{"rendered":"","protected":false},"author":121,"featured_media":0,"parent":0,"menu_order":0,"comment_status":"closed","ping_status":"closed","template":"","meta":{"_acf_changed":false,"content-type":"","subsite_url":"","footnotes":""},"class_list":["post-443","page","type-page","status-publish","hentry"],"acf":[],"yoast_head":"<!-- This site is optimized with the Yoast SEO Premium plugin v25.7.1 (Yoast SEO v27.3) - https:\/\/yoast.com\/product\/yoast-seo-premium-wordpress\/ -->\n<title>Volunt\u00e1rio - UWC Mozambique<\/title>\n<meta name=\"robots\" content=\"index, follow, max-snippet:-1, max-image-preview:large, max-video-preview:-1\" \/>\n<link rel=\"canonical\" href=\"https:\/\/mz.uwcstaging.co.uk\/pt-pt\/voluntario\/\" \/>\n<meta property=\"og:locale\" content=\"pt_PT\" \/>\n<meta property=\"og:type\" content=\"article\" \/>\n<meta property=\"og:title\" content=\"Volunt\u00e1rio\" \/>\n<meta property=\"og:url\" content=\"https:\/\/mz.uwcstaging.co.uk\/pt-pt\/voluntario\/\" \/>\n<meta property=\"og:site_name\" content=\"UWC Mozambique\" \/>\n<meta property=\"article:publisher\" content=\"https:\/\/www.facebook.com\/ColegiosdelMundoUnidoEspana\/\" \/>\n<meta property=\"article:modified_time\" content=\"2025-09-12T15:04:58+00:00\" \/>\n<meta property=\"og:image\" content=\"http:\/\/s14.uwc.org\/wp-content\/uploads\/sites\/50\/2025\/04\/Caligraphy-UWC-Changshu-China-scaled.jpg\" \/>\n<meta name=\"twitter:card\" content=\"summary_large_image\" \/>\n<meta name=\"twitter:label1\" content=\"Tempo estimado de leitura\" \/>\n\t<meta name=\"twitter:data1\" content=\"2 minutos\" \/>\n<script type=\"application\/ld+json\" class=\"yoast-schema-graph\">{\"@context\":\"https:\\\/\\\/schema.org\",\"@graph\":[{\"@type\":\"WebPage\",\"@id\":\"https:\\\/\\\/mz.uwcstaging.co.uk\\\/pt-pt\\\/voluntario\\\/\",\"url\":\"https:\\\/\\\/mz.uwcstaging.co.uk\\\/pt-pt\\\/voluntario\\\/\",\"name\":\"Volunt\u00e1rio - UWC Mozambique\",\"isPartOf\":{\"@id\":\"https:\\\/\\\/mz.uwc.org\\\/#website\"},\"primaryImageOfPage\":{\"@id\":\"https:\\\/\\\/mz.uwcstaging.co.uk\\\/pt-pt\\\/voluntario\\\/#primaryimage\"},\"image\":{\"@id\":\"https:\\\/\\\/mz.uwcstaging.co.uk\\\/pt-pt\\\/voluntario\\\/#primaryimage\"},\"thumbnailUrl\":\"http:\\\/\\\/s14.uwcstaging.co.uk\\\/wp-content\\\/uploads\\\/sites\\\/50\\\/2025\\\/04\\\/Caligraphy-UWC-Changshu-China-scaled.jpg\",\"datePublished\":\"2025-04-17T18:45:25+00:00\",\"dateModified\":\"2025-09-12T15:04:58+00:00\",\"breadcrumb\":{\"@id\":\"https:\\\/\\\/mz.uwcstaging.co.uk\\\/pt-pt\\\/voluntario\\\/#breadcrumb\"},\"inLanguage\":\"pt-PT\",\"potentialAction\":[{\"@type\":\"ReadAction\",\"target\":[\"https:\\\/\\\/mz.uwcstaging.co.uk\\\/pt-pt\\\/voluntario\\\/\"]}]},{\"@type\":\"ImageObject\",\"inLanguage\":\"pt-PT\",\"@id\":\"https:\\\/\\\/mz.uwcstaging.co.uk\\\/pt-pt\\\/voluntario\\\/#primaryimage\",\"url\":\"http:\\\/\\\/s14.uwcstaging.co.uk\\\/wp-content\\\/uploads\\\/sites\\\/50\\\/2025\\\/04\\\/Caligraphy-UWC-Changshu-China-scaled.jpg\",\"contentUrl\":\"http:\\\/\\\/s14.uwcstaging.co.uk\\\/wp-content\\\/uploads\\\/sites\\\/50\\\/2025\\\/04\\\/Caligraphy-UWC-Changshu-China-scaled.jpg\"},{\"@type\":\"BreadcrumbList\",\"@id\":\"https:\\\/\\\/mz.uwcstaging.co.uk\\\/pt-pt\\\/voluntario\\\/#breadcrumb\",\"itemListElement\":[{\"@type\":\"ListItem\",\"position\":1,\"name\":\"Home\",\"item\":\"https:\\\/\\\/mz.uwc.org\\\/pt-pt\\\/\"},{\"@type\":\"ListItem\",\"position\":2,\"name\":\"Volunt\u00e1rio\"}]},{\"@type\":\"WebSite\",\"@id\":\"https:\\\/\\\/mz.uwc.org\\\/#website\",\"url\":\"https:\\\/\\\/mz.uwc.org\\\/\",\"name\":\"UWC Spain\",\"description\":\"\",\"publisher\":{\"@id\":\"https:\\\/\\\/mz.uwc.org\\\/#organization\"},\"potentialAction\":[{\"@type\":\"SearchAction\",\"target\":{\"@type\":\"EntryPoint\",\"urlTemplate\":\"https:\\\/\\\/mz.uwc.org\\\/?s={search_term_string}\"},\"query-input\":{\"@type\":\"PropertyValueSpecification\",\"valueRequired\":true,\"valueName\":\"search_term_string\"}}],\"inLanguage\":\"pt-PT\"},{\"@type\":\"Organization\",\"@id\":\"https:\\\/\\\/mz.uwc.org\\\/#organization\",\"name\":\"UWC Spain\",\"url\":\"https:\\\/\\\/mz.uwc.org\\\/\",\"logo\":{\"@type\":\"ImageObject\",\"inLanguage\":\"pt-PT\",\"@id\":\"https:\\\/\\\/mz.uwc.org\\\/#\\\/schema\\\/logo\\\/image\\\/\",\"url\":\"http:\\\/\\\/spa.uwcstaging.co.uk\\\/wp-content\\\/uploads\\\/sites\\\/11\\\/2025\\\/04\\\/Uwc-Spain-logo.jpg\",\"contentUrl\":\"http:\\\/\\\/spa.uwcstaging.co.uk\\\/wp-content\\\/uploads\\\/sites\\\/11\\\/2025\\\/04\\\/Uwc-Spain-logo.jpg\",\"width\":1957,\"height\":322,\"caption\":\"UWC Spain\"},\"image\":{\"@id\":\"https:\\\/\\\/mz.uwc.org\\\/#\\\/schema\\\/logo\\\/image\\\/\"},\"sameAs\":[\"https:\\\/\\\/www.facebook.com\\\/ColegiosdelMundoUnidoEspana\\\/\",\"https:\\\/\\\/www.youtube.com\\\/user\\\/UWCSpain\",\"https:\\\/\\\/www.linkedin.com\\\/company\\\/fundaci-n-colegios-del-mundo-unido\\\/\",\"https:\\\/\\\/www.instagram.com\\\/uwcespana\\\/\"]}]}<\/script>\n<!-- \/ Yoast SEO Premium plugin. -->","yoast_head_json":{"title":"Volunt\u00e1rio - UWC Mozambique","robots":{"index":"index","follow":"follow","max-snippet":"max-snippet:-1","max-image-preview":"max-image-preview:large","max-video-preview":"max-video-preview:-1"},"canonical":"https:\/\/mz.uwcstaging.co.uk\/pt-pt\/voluntario\/","og_locale":"pt_PT","og_type":"article","og_title":"Volunt\u00e1rio","og_url":"https:\/\/mz.uwcstaging.co.uk\/pt-pt\/voluntario\/","og_site_name":"UWC Mozambique","article_publisher":"https:\/\/www.facebook.com\/ColegiosdelMundoUnidoEspana\/","article_modified_time":"2025-09-12T15:04:58+00:00","og_image":[{"url":"http:\/\/s14.uwc.org\/wp-content\/uploads\/sites\/50\/2025\/04\/Caligraphy-UWC-Changshu-China-scaled.jpg","type":"","width":"","height":""}],"twitter_card":"summary_large_image","twitter_misc":{"Tempo estimado de leitura":"2 minutos"},"schema":{"@context":"https:\/\/schema.org","@graph":[{"@type":"WebPage","@id":"https:\/\/mz.uwcstaging.co.uk\/pt-pt\/voluntario\/","url":"https:\/\/mz.uwcstaging.co.uk\/pt-pt\/voluntario\/","name":"Volunt\u00e1rio - UWC Mozambique","isPartOf":{"@id":"https:\/\/mz.uwc.org\/#website"},"primaryImageOfPage":{"@id":"https:\/\/mz.uwcstaging.co.uk\/pt-pt\/voluntario\/#primaryimage"},"image":{"@id":"https:\/\/mz.uwcstaging.co.uk\/pt-pt\/voluntario\/#primaryimage"},"thumbnailUrl":"http:\/\/s14.uwcstaging.co.uk\/wp-content\/uploads\/sites\/50\/2025\/04\/Caligraphy-UWC-Changshu-China-scaled.jpg","datePublished":"2025-04-17T18:45:25+00:00","dateModified":"2025-09-12T15:04:58+00:00","breadcrumb":{"@id":"https:\/\/mz.uwcstaging.co.uk\/pt-pt\/voluntario\/#breadcrumb"},"inLanguage":"pt-PT","potentialAction":[{"@type":"ReadAction","target":["https:\/\/mz.uwcstaging.co.uk\/pt-pt\/voluntario\/"]}]},{"@type":"ImageObject","inLanguage":"pt-PT","@id":"https:\/\/mz.uwcstaging.co.uk\/pt-pt\/voluntario\/#primaryimage","url":"http:\/\/s14.uwcstaging.co.uk\/wp-content\/uploads\/sites\/50\/2025\/04\/Caligraphy-UWC-Changshu-China-scaled.jpg","contentUrl":"http:\/\/s14.uwcstaging.co.uk\/wp-content\/uploads\/sites\/50\/2025\/04\/Caligraphy-UWC-Changshu-China-scaled.jpg"},{"@type":"BreadcrumbList","@id":"https:\/\/mz.uwcstaging.co.uk\/pt-pt\/voluntario\/#breadcrumb","itemListElement":[{"@type":"ListItem","position":1,"name":"Home","item":"https:\/\/mz.uwc.org\/pt-pt\/"},{"@type":"ListItem","position":2,"name":"Volunt\u00e1rio"}]},{"@type":"WebSite","@id":"https:\/\/mz.uwc.org\/#website","url":"https:\/\/mz.uwc.org\/","name":"UWC Spain","description":"","publisher":{"@id":"https:\/\/mz.uwc.org\/#organization"},"potentialAction":[{"@type":"SearchAction","target":{"@type":"EntryPoint","urlTemplate":"https:\/\/mz.uwc.org\/?s={search_term_string}"},"query-input":{"@type":"PropertyValueSpecification","valueRequired":true,"valueName":"search_term_string"}}],"inLanguage":"pt-PT"},{"@type":"Organization","@id":"https:\/\/mz.uwc.org\/#organization","name":"UWC Spain","url":"https:\/\/mz.uwc.org\/","logo":{"@type":"ImageObject","inLanguage":"pt-PT","@id":"https:\/\/mz.uwc.org\/#\/schema\/logo\/image\/","url":"http:\/\/spa.uwcstaging.co.uk\/wp-content\/uploads\/sites\/11\/2025\/04\/Uwc-Spain-logo.jpg","contentUrl":"http:\/\/spa.uwcstaging.co.uk\/wp-content\/uploads\/sites\/11\/2025\/04\/Uwc-Spain-logo.jpg","width":1957,"height":322,"caption":"UWC Spain"},"image":{"@id":"https:\/\/mz.uwc.org\/#\/schema\/logo\/image\/"},"sameAs":["https:\/\/www.facebook.com\/ColegiosdelMundoUnidoEspana\/","https:\/\/www.youtube.com\/user\/UWCSpain","https:\/\/www.linkedin.com\/company\/fundaci-n-colegios-del-mundo-unido\/","https:\/\/www.instagram.com\/uwcespana\/"]}]}},"_links":{"self":[{"href":"https:\/\/mz.uwcstaging.co.uk\/pt-pt\/wp-json\/wp\/v2\/pages\/443","targetHints":{"allow":["GET"]}}],"collection":[{"href":"https:\/\/mz.uwcstaging.co.uk\/pt-pt\/wp-json\/wp\/v2\/pages"}],"about":[{"href":"https:\/\/mz.uwcstaging.co.uk\/pt-pt\/wp-json\/wp\/v2\/types\/page"}],"author":[{"embeddable":true,"href":"https:\/\/mz.uwcstaging.co.uk\/pt-pt\/wp-json\/wp\/v2\/users\/121"}],"replies":[{"embeddable":true,"href":"https:\/\/mz.uwcstaging.co.uk\/pt-pt\/wp-json\/wp\/v2\/comments?post=443"}],"version-history":[{"count":2,"href":"https:\/\/mz.uwcstaging.co.uk\/pt-pt\/wp-json\/wp\/v2\/pages\/443\/revisions"}],"predecessor-version":[{"id":549,"href":"https:\/\/mz.uwcstaging.co.uk\/pt-pt\/wp-json\/wp\/v2\/pages\/443\/revisions\/549"}],"wp:attachment":[{"href":"https:\/\/mz.uwcstaging.co.uk\/pt-pt\/wp-json\/wp\/v2\/media?parent=443"}],"curies":[{"name":"wp","href":"https:\/\/api.w.org\/{rel}","templated":true}]}}