{"id":449,"date":"2025-04-17T18:43:33","date_gmt":"2025-04-17T16:43:33","guid":{"rendered":"https:\/\/mz.uwcstaging.co.uk\/donativos\/"},"modified":"2025-09-13T00:23:48","modified_gmt":"2025-09-12T22:23:48","slug":"donativos","status":"publish","type":"page","link":"https:\/\/mz.uwcstaging.co.uk\/pt-pt\/donativos\/","title":{"rendered":"Donativos"},"content":{"rendered":"\n<div class=\"wp-block-studio14-blocks-site-banner-block\"><section class=\"about-banner text-centered about-banner--colorful\" style=\"background-color:transparent\"><img decoding=\"async\" class=\"about-banner-bg\" src=\"http:\/\/spa.uwcstaging.co.uk\/wp-content\/uploads\/sites\/11\/2025\/04\/image-for-sus-school.png\" alt=\"Obrigado por apoiar a UWC\"\/><img decoding=\"async\" class=\"about-banner-graphic\" src=\"\/wp-content\/themes\/uwc-wp\/assets\/images\/circle-graphic-blue-1.png\" alt=\"UWC logo\"\/><div class=\"about-banner-main centered\"><h1 class=\"about-banner-heading\">Obrigado por apoiar a UWC<\/h1><\/div><\/section><\/div>\n\n\n\n<article class=\"wp-block-studio14-blocks-side-link-block why-uwc__article\"><why-uwc-aside data-post-id=\"449\"><aside class=\"custom-sticky-aside\"><p class=\"custom-sticky-aside__header\" data-wpml-string=\"blockHeader\" data-wpml-context=\"studio14-blocks\/side-link-block\">Nesta p\u00e1gina<\/p><ul class=\"custom-sticky-aside__list\"><li class=\"custom-sticky-aside__item\"><a href=\"#obrigadoa-por-apoiar-a-uwc\" class=\"custom-sticky-aside__link\" data-link data-wpml-string=\"sectionTitle_obrigadoa-por-apoiar-a-uwc\" data-wpml-context=\"studio14-blocks\/side-link-block\">Obrigado(a) por apoiar a UWC.<\/a><\/li><li class=\"custom-sticky-aside__item\"><a href=\"#doar-atravs-da-uwc-moambique\" class=\"custom-sticky-aside__link\" data-link data-wpml-string=\"sectionTitle_doar-atravs-da-uwc-moambique\" data-wpml-context=\"studio14-blocks\/side-link-block\">Doar atrav\u00e9s da UWC Mo\u00e7ambique<\/a><\/li><li class=\"custom-sticky-aside__item\"><a href=\"#doar-atravs-do-escritrio-internacional-da-uwc\" class=\"custom-sticky-aside__link\" data-link data-wpml-string=\"sectionTitle_doar-atravs-do-escritrio-internacional-da-uwc\" data-wpml-context=\"studio14-blocks\/side-link-block\">Doar atrav\u00e9s do Escrit\u00f3rio Internacional da UWC<\/a><\/li><li class=\"custom-sticky-aside__item\"><a href=\"#doaes-de-residentes-nos-estados-unidos\" class=\"custom-sticky-aside__link\" data-link data-wpml-string=\"sectionTitle_doaes-de-residentes-nos-estados-unidos\" data-wpml-context=\"studio14-blocks\/side-link-block\">Doa\u00e7\u00f5es de residentes nos Estados Unidos<\/a><\/li><\/ul><\/aside><\/why-uwc-aside><section class=\"why-uwc__content\">\n<div class=\"wp-block-studio14-blocks-side-link-content-block why-uwc__content-block\" id=\"obrigadoa-por-apoiar-a-uwc\" data-is-observable=\"\"><div class=\"why-uwc__content-body\"><p data-wpml-string=\"A UWC est\u00e1 empenhada em garantir que cada estudante tenha a oportunidade de viver uma educa\u00e7\u00e3o UWC, independentemente da sua origem nacional, socioecon\u00f3mica, cultural, racial ou religiosa. A UWC concretiza este compromisso atrav\u00e9s de um processo de sele\u00e7\u00e3o baseado no potencial e no m\u00e9rito, mas tamb\u00e9m oferecendo bolsas de estudo \u2014 mais de 80% dos estudantes do IBDP selecionados por um comit\u00e9 nacional da UWC recebem apoio financeiro total ou parcial.<br&gt;<br&gt;Para dar continuidade a este trabalho, a UWC depende de doa\u00e7\u00f5es de ex-estudantes, fundos fiduci\u00e1rios, funda\u00e7\u00f5es, empresas e governos.<br&gt;<br&gt;Existem v\u00e1rias formas de apoiar as atividades da UWC Mo\u00e7ambique. Por favor, selecione a op\u00e7\u00e3o mais conveniente para a sua situa\u00e7\u00e3o entre as apresentadas abaixo. Obrigado!\" data-wpml-context=\"studio14-blocks\/side-link-content-block\">A UWC est\u00e1 empenhada em garantir que cada estudante tenha a oportunidade de viver uma educa\u00e7\u00e3o UWC, independentemente da sua origem nacional, socioecon\u00f3mica, cultural, racial ou religiosa. A UWC concretiza este compromisso atrav\u00e9s de um processo de sele\u00e7\u00e3o baseado no potencial e no m\u00e9rito, mas tamb\u00e9m oferecendo bolsas de estudo \u2014 mais de 80% dos estudantes do IBDP selecionados por um comit\u00e9 nacional da UWC recebem apoio financeiro total ou parcial.<br><br>Para dar continuidade a este trabalho, a UWC depende de doa\u00e7\u00f5es de ex-estudantes, fundos fiduci\u00e1rios, funda\u00e7\u00f5es, empresas e governos.<br><br>Existem v\u00e1rias formas de apoiar as atividades da UWC Mo\u00e7ambique. Por favor, selecione a op\u00e7\u00e3o mais conveniente para a sua situa\u00e7\u00e3o entre as apresentadas abaixo. Obrigado!<\/p><\/div>\n<div style=\"height:70px\" aria-hidden=\"true\" class=\"wp-block-spacer\"><\/div>\n<\/div>\n\n\n\n<div class=\"wp-block-studio14-blocks-side-link-content-block why-uwc__content-block\" id=\"doar-atravs-da-uwc-moambique\" data-is-observable=\"\"><h2 class=\"why-uwc__content-heading\" data-wpml-string=\"Doar atrav\u00e9s da UWC Mo\u00e7ambique\" data-wpml-context=\"studio14-blocks\/side-link-content-block\">Doar atrav\u00e9s da UWC Mo\u00e7ambique<\/h2><div class=\"why-uwc__content-body\"><p data-wpml-string=\"Se desejar contribuir diretamente para a conta banc\u00e1ria da UWC Mo\u00e7ambique, pode doar em Meticais. Por favor, envie um e-mail para <strong&gt;<a&gt;info@mz.uwcstaging.co.uk<\/a&gt;<\/strong&gt;\" data-wpml-context=\"studio14-blocks\/side-link-content-block\">Se desejar contribuir diretamente para a conta banc\u00e1ria da UWC Mo\u00e7ambique, pode doar em Meticais. Por favor, envie um e-mail para <strong><a>info@mz.uwcstaging.co.uk<\/a><\/strong><\/p><\/div>\n<div style=\"height:50px\" aria-hidden=\"true\" class=\"wp-block-spacer\"><\/div>\n<\/div>\n\n\n\n<div class=\"wp-block-studio14-blocks-side-link-content-block why-uwc__content-block\" id=\"doar-atravs-do-escritrio-internacional-da-uwc\" data-is-observable=\"\"><h2 class=\"why-uwc__content-heading\" data-wpml-string=\"Doar atrav\u00e9s do Escrit\u00f3rio Internacional da UWC\" data-wpml-context=\"studio14-blocks\/side-link-content-block\">Doar atrav\u00e9s do Escrit\u00f3rio Internacional da UWC<\/h2><div class=\"why-uwc__content-body\"><p data-wpml-string=\"Pode fazer uma doa\u00e7\u00e3o \u00e0 UWC Mo\u00e7ambique atrav\u00e9s da UWC International.<br&gt;<br&gt;Por favor, indique que deseja fazer a sua doa\u00e7\u00e3o para <strong&gt;\u201cUWC Mo\u00e7ambique\u201d<\/strong&gt; selecionando <strong&gt;\u201cMOZAMBIQUE\u201d<\/strong&gt; no menu suspenso <strong&gt;\u201cSelecione um comit\u00e9 nacional da UWC\u201d<\/strong&gt;. Os fundos e os detalhes da sua doa\u00e7\u00e3o ser\u00e3o alocados \u00e0 UWC Mo\u00e7ambique.\" data-wpml-context=\"studio14-blocks\/side-link-content-block\">Pode fazer uma doa\u00e7\u00e3o \u00e0 UWC Mo\u00e7ambique atrav\u00e9s da UWC International.<br><br>Por favor, indique que deseja fazer a sua doa\u00e7\u00e3o para <strong>\u201cUWC Mo\u00e7ambique\u201d<\/strong> selecionando <strong>\u201cMOZAMBIQUE\u201d<\/strong> no menu suspenso <strong>\u201cSelecione um comit\u00e9 nacional da UWC\u201d<\/strong>. Os fundos e os detalhes da sua doa\u00e7\u00e3o ser\u00e3o alocados \u00e0 UWC Mo\u00e7ambique.<\/p><\/div>\n<div id=\"blackbaud-donation-form_36a51a81-2172-45d2-99e7-93601c3400dc\"><\/div>\n<script src=\"https:\/\/sky.blackbaudcdn.net\/static\/donor-form-loader\/2\/main.js\"><\/script>\n<script>BBDonorFormLoader.newBlackbaudDonationFormZoned('renxt', 'p-R3M8wQEvB0SWsPPUCnVQHw', '36a51a81-2172-45d2-99e7-93601c3400dc', 'eur')<\/script>\n\n\n\n<div style=\"height:30px\" aria-hidden=\"true\" class=\"wp-block-spacer\"><\/div>\n<\/div>\n\n\n\n<div class=\"wp-block-studio14-blocks-side-link-content-block why-uwc__content-block\" id=\"doaes-de-residentes-nos-estados-unidos\" data-is-observable=\"\"><h2 class=\"why-uwc__content-heading\" data-wpml-string=\"Doa\u00e7\u00f5es de residentes nos Estados Unidos\" data-wpml-context=\"studio14-blocks\/side-link-content-block\">Doa\u00e7\u00f5es de residentes nos Estados Unidos<\/h2><div class=\"why-uwc__content-body\"><p data-wpml-string=\"Se voc\u00ea reside nos EUA, pode fazer uma doa\u00e7\u00e3o dedut\u00edvel de impostos \u00e0 UWC Mo\u00e7ambique atrav\u00e9s da conta Myriad-USA da UWC International. Por favor, indique que deseja que sua doa\u00e7\u00e3o seja alocada \u00e0 nossa institui\u00e7\u00e3o marcando <strong&gt;\u201cAdd a note for The United World Colleges (International)\u201d<\/strong&gt; e escrevendo <strong&gt;NC Mozambique<\/strong&gt; no campo <strong&gt;\u2018private note\u2019<\/strong&gt;.\" data-wpml-context=\"studio14-blocks\/side-link-content-block\">Se voc\u00ea reside nos EUA, pode fazer uma doa\u00e7\u00e3o dedut\u00edvel de impostos \u00e0 UWC Mo\u00e7ambique atrav\u00e9s da conta Myriad-USA da UWC International. Por favor, indique que deseja que sua doa\u00e7\u00e3o seja alocada \u00e0 nossa institui\u00e7\u00e3o marcando <strong>\u201cAdd a note for The United World Colleges (International)\u201d<\/strong> e escrevendo <strong>NC Mozambique<\/strong> no campo <strong>\u2018private note\u2019<\/strong>.<\/p><\/div><\/div>\n<\/section><\/article>\n\n\n\n<p style=\"--custom-fontfamily:\"Source Sans 3\", sans-serif\" class=\"\"><\/p>\n","protected":false},"excerpt":{"rendered":"","protected":false},"author":1,"featured_media":0,"parent":0,"menu_order":0,"comment_status":"closed","ping_status":"closed","template":"","meta":{"_acf_changed":false,"content-type":"","subsite_url":"","footnotes":""},"class_list":["post-449","page","type-page","status-publish","hentry"],"acf":[],"yoast_head":"<!-- This site is optimized with the Yoast SEO Premium plugin v25.7.1 (Yoast SEO v27.3) - https:\/\/yoast.com\/product\/yoast-seo-premium-wordpress\/ -->\n<title>Donativos - UWC Mozambique<\/title>\n<meta name=\"robots\" content=\"index, follow, max-snippet:-1, max-image-preview:large, max-video-preview:-1\" \/>\n<link rel=\"canonical\" href=\"https:\/\/mz.uwcstaging.co.uk\/pt-pt\/donativos\/\" \/>\n<meta property=\"og:locale\" content=\"pt_PT\" \/>\n<meta property=\"og:type\" content=\"article\" \/>\n<meta property=\"og:title\" content=\"Donativos\" \/>\n<meta property=\"og:url\" content=\"https:\/\/mz.uwcstaging.co.uk\/pt-pt\/donativos\/\" \/>\n<meta property=\"og:site_name\" content=\"UWC Mozambique\" \/>\n<meta property=\"article:publisher\" content=\"https:\/\/www.facebook.com\/ColegiosdelMundoUnidoEspana\/\" \/>\n<meta property=\"article:modified_time\" content=\"2025-09-12T22:23:48+00:00\" \/>\n<meta property=\"og:image\" content=\"http:\/\/spa.uwc.org\/wp-content\/uploads\/sites\/11\/2025\/04\/image-for-sus-school.png\" \/>\n<meta name=\"twitter:card\" content=\"summary_large_image\" \/>\n<meta name=\"twitter:label1\" content=\"Tempo estimado de leitura\" \/>\n\t<meta name=\"twitter:data1\" content=\"3 minutos\" \/>\n<script type=\"application\/ld+json\" class=\"yoast-schema-graph\">{\"@context\":\"https:\\\/\\\/schema.org\",\"@graph\":[{\"@type\":\"WebPage\",\"@id\":\"https:\\\/\\\/mz.uwcstaging.co.uk\\\/pt-pt\\\/donativos\\\/\",\"url\":\"https:\\\/\\\/mz.uwcstaging.co.uk\\\/pt-pt\\\/donativos\\\/\",\"name\":\"Donativos - UWC Mozambique\",\"isPartOf\":{\"@id\":\"https:\\\/\\\/mz.uwc.org\\\/#website\"},\"primaryImageOfPage\":{\"@id\":\"https:\\\/\\\/mz.uwcstaging.co.uk\\\/pt-pt\\\/donativos\\\/#primaryimage\"},\"image\":{\"@id\":\"https:\\\/\\\/mz.uwcstaging.co.uk\\\/pt-pt\\\/donativos\\\/#primaryimage\"},\"thumbnailUrl\":\"http:\\\/\\\/spa.uwcstaging.co.uk\\\/wp-content\\\/uploads\\\/sites\\\/11\\\/2025\\\/04\\\/image-for-sus-school.png\",\"datePublished\":\"2025-04-17T16:43:33+00:00\",\"dateModified\":\"2025-09-12T22:23:48+00:00\",\"breadcrumb\":{\"@id\":\"https:\\\/\\\/mz.uwcstaging.co.uk\\\/pt-pt\\\/donativos\\\/#breadcrumb\"},\"inLanguage\":\"pt-PT\",\"potentialAction\":[{\"@type\":\"ReadAction\",\"target\":[\"https:\\\/\\\/mz.uwcstaging.co.uk\\\/pt-pt\\\/donativos\\\/\"]}]},{\"@type\":\"ImageObject\",\"inLanguage\":\"pt-PT\",\"@id\":\"https:\\\/\\\/mz.uwcstaging.co.uk\\\/pt-pt\\\/donativos\\\/#primaryimage\",\"url\":\"http:\\\/\\\/spa.uwcstaging.co.uk\\\/wp-content\\\/uploads\\\/sites\\\/11\\\/2025\\\/04\\\/image-for-sus-school.png\",\"contentUrl\":\"http:\\\/\\\/spa.uwcstaging.co.uk\\\/wp-content\\\/uploads\\\/sites\\\/11\\\/2025\\\/04\\\/image-for-sus-school.png\"},{\"@type\":\"BreadcrumbList\",\"@id\":\"https:\\\/\\\/mz.uwcstaging.co.uk\\\/pt-pt\\\/donativos\\\/#breadcrumb\",\"itemListElement\":[{\"@type\":\"ListItem\",\"position\":1,\"name\":\"Home\",\"item\":\"https:\\\/\\\/mz.uwc.org\\\/pt-pt\\\/\"},{\"@type\":\"ListItem\",\"position\":2,\"name\":\"Donativos\"}]},{\"@type\":\"WebSite\",\"@id\":\"https:\\\/\\\/mz.uwc.org\\\/#website\",\"url\":\"https:\\\/\\\/mz.uwc.org\\\/\",\"name\":\"UWC Spain\",\"description\":\"\",\"publisher\":{\"@id\":\"https:\\\/\\\/mz.uwc.org\\\/#organization\"},\"potentialAction\":[{\"@type\":\"SearchAction\",\"target\":{\"@type\":\"EntryPoint\",\"urlTemplate\":\"https:\\\/\\\/mz.uwc.org\\\/?s={search_term_string}\"},\"query-input\":{\"@type\":\"PropertyValueSpecification\",\"valueRequired\":true,\"valueName\":\"search_term_string\"}}],\"inLanguage\":\"pt-PT\"},{\"@type\":\"Organization\",\"@id\":\"https:\\\/\\\/mz.uwc.org\\\/#organization\",\"name\":\"UWC Spain\",\"url\":\"https:\\\/\\\/mz.uwc.org\\\/\",\"logo\":{\"@type\":\"ImageObject\",\"inLanguage\":\"pt-PT\",\"@id\":\"https:\\\/\\\/mz.uwc.org\\\/#\\\/schema\\\/logo\\\/image\\\/\",\"url\":\"http:\\\/\\\/spa.uwcstaging.co.uk\\\/wp-content\\\/uploads\\\/sites\\\/11\\\/2025\\\/04\\\/Uwc-Spain-logo.jpg\",\"contentUrl\":\"http:\\\/\\\/spa.uwcstaging.co.uk\\\/wp-content\\\/uploads\\\/sites\\\/11\\\/2025\\\/04\\\/Uwc-Spain-logo.jpg\",\"width\":1957,\"height\":322,\"caption\":\"UWC Spain\"},\"image\":{\"@id\":\"https:\\\/\\\/mz.uwc.org\\\/#\\\/schema\\\/logo\\\/image\\\/\"},\"sameAs\":[\"https:\\\/\\\/www.facebook.com\\\/ColegiosdelMundoUnidoEspana\\\/\",\"https:\\\/\\\/www.youtube.com\\\/user\\\/UWCSpain\",\"https:\\\/\\\/www.linkedin.com\\\/company\\\/fundaci-n-colegios-del-mundo-unido\\\/\",\"https:\\\/\\\/www.instagram.com\\\/uwcespana\\\/\"]}]}<\/script>\n<!-- \/ Yoast SEO Premium plugin. -->","yoast_head_json":{"title":"Donativos - UWC Mozambique","robots":{"index":"index","follow":"follow","max-snippet":"max-snippet:-1","max-image-preview":"max-image-preview:large","max-video-preview":"max-video-preview:-1"},"canonical":"https:\/\/mz.uwcstaging.co.uk\/pt-pt\/donativos\/","og_locale":"pt_PT","og_type":"article","og_title":"Donativos","og_url":"https:\/\/mz.uwcstaging.co.uk\/pt-pt\/donativos\/","og_site_name":"UWC Mozambique","article_publisher":"https:\/\/www.facebook.com\/ColegiosdelMundoUnidoEspana\/","article_modified_time":"2025-09-12T22:23:48+00:00","og_image":[{"url":"http:\/\/spa.uwc.org\/wp-content\/uploads\/sites\/11\/2025\/04\/image-for-sus-school.png","type":"","width":"","height":""}],"twitter_card":"summary_large_image","twitter_misc":{"Tempo estimado de leitura":"3 minutos"},"schema":{"@context":"https:\/\/schema.org","@graph":[{"@type":"WebPage","@id":"https:\/\/mz.uwcstaging.co.uk\/pt-pt\/donativos\/","url":"https:\/\/mz.uwcstaging.co.uk\/pt-pt\/donativos\/","name":"Donativos - UWC Mozambique","isPartOf":{"@id":"https:\/\/mz.uwc.org\/#website"},"primaryImageOfPage":{"@id":"https:\/\/mz.uwcstaging.co.uk\/pt-pt\/donativos\/#primaryimage"},"image":{"@id":"https:\/\/mz.uwcstaging.co.uk\/pt-pt\/donativos\/#primaryimage"},"thumbnailUrl":"http:\/\/spa.uwcstaging.co.uk\/wp-content\/uploads\/sites\/11\/2025\/04\/image-for-sus-school.png","datePublished":"2025-04-17T16:43:33+00:00","dateModified":"2025-09-12T22:23:48+00:00","breadcrumb":{"@id":"https:\/\/mz.uwcstaging.co.uk\/pt-pt\/donativos\/#breadcrumb"},"inLanguage":"pt-PT","potentialAction":[{"@type":"ReadAction","target":["https:\/\/mz.uwcstaging.co.uk\/pt-pt\/donativos\/"]}]},{"@type":"ImageObject","inLanguage":"pt-PT","@id":"https:\/\/mz.uwcstaging.co.uk\/pt-pt\/donativos\/#primaryimage","url":"http:\/\/spa.uwcstaging.co.uk\/wp-content\/uploads\/sites\/11\/2025\/04\/image-for-sus-school.png","contentUrl":"http:\/\/spa.uwcstaging.co.uk\/wp-content\/uploads\/sites\/11\/2025\/04\/image-for-sus-school.png"},{"@type":"BreadcrumbList","@id":"https:\/\/mz.uwcstaging.co.uk\/pt-pt\/donativos\/#breadcrumb","itemListElement":[{"@type":"ListItem","position":1,"name":"Home","item":"https:\/\/mz.uwc.org\/pt-pt\/"},{"@type":"ListItem","position":2,"name":"Donativos"}]},{"@type":"WebSite","@id":"https:\/\/mz.uwc.org\/#website","url":"https:\/\/mz.uwc.org\/","name":"UWC Spain","description":"","publisher":{"@id":"https:\/\/mz.uwc.org\/#organization"},"potentialAction":[{"@type":"SearchAction","target":{"@type":"EntryPoint","urlTemplate":"https:\/\/mz.uwc.org\/?s={search_term_string}"},"query-input":{"@type":"PropertyValueSpecification","valueRequired":true,"valueName":"search_term_string"}}],"inLanguage":"pt-PT"},{"@type":"Organization","@id":"https:\/\/mz.uwc.org\/#organization","name":"UWC Spain","url":"https:\/\/mz.uwc.org\/","logo":{"@type":"ImageObject","inLanguage":"pt-PT","@id":"https:\/\/mz.uwc.org\/#\/schema\/logo\/image\/","url":"http:\/\/spa.uwcstaging.co.uk\/wp-content\/uploads\/sites\/11\/2025\/04\/Uwc-Spain-logo.jpg","contentUrl":"http:\/\/spa.uwcstaging.co.uk\/wp-content\/uploads\/sites\/11\/2025\/04\/Uwc-Spain-logo.jpg","width":1957,"height":322,"caption":"UWC Spain"},"image":{"@id":"https:\/\/mz.uwc.org\/#\/schema\/logo\/image\/"},"sameAs":["https:\/\/www.facebook.com\/ColegiosdelMundoUnidoEspana\/","https:\/\/www.youtube.com\/user\/UWCSpain","https:\/\/www.linkedin.com\/company\/fundaci-n-colegios-del-mundo-unido\/","https:\/\/www.instagram.com\/uwcespana\/"]}]}},"_links":{"self":[{"href":"https:\/\/mz.uwcstaging.co.uk\/pt-pt\/wp-json\/wp\/v2\/pages\/449","targetHints":{"allow":["GET"]}}],"collection":[{"href":"https:\/\/mz.uwcstaging.co.uk\/pt-pt\/wp-json\/wp\/v2\/pages"}],"about":[{"href":"https:\/\/mz.uwcstaging.co.uk\/pt-pt\/wp-json\/wp\/v2\/types\/page"}],"author":[{"embeddable":true,"href":"https:\/\/mz.uwcstaging.co.uk\/pt-pt\/wp-json\/wp\/v2\/users\/1"}],"replies":[{"embeddable":true,"href":"https:\/\/mz.uwcstaging.co.uk\/pt-pt\/wp-json\/wp\/v2\/comments?post=449"}],"version-history":[{"count":3,"href":"https:\/\/mz.uwcstaging.co.uk\/pt-pt\/wp-json\/wp\/v2\/pages\/449\/revisions"}],"predecessor-version":[{"id":615,"href":"https:\/\/mz.uwcstaging.co.uk\/pt-pt\/wp-json\/wp\/v2\/pages\/449\/revisions\/615"}],"wp:attachment":[{"href":"https:\/\/mz.uwcstaging.co.uk\/pt-pt\/wp-json\/wp\/v2\/media?parent=449"}],"curies":[{"name":"wp","href":"https:\/\/api.w.org\/{rel}","templated":true}]}}