{"id":467,"date":"2025-04-17T17:28:50","date_gmt":"2025-04-17T17:28:50","guid":{"rendered":"https:\/\/mz.uwcstaging.co.uk\/informacoes-para-encarregados-de-educacao-educadores-e-familias\/"},"modified":"2025-09-12T21:10:43","modified_gmt":"2025-09-12T21:10:43","slug":"informacoes-para-encarregados-de-educacao-educadores-e-familias","status":"publish","type":"page","link":"https:\/\/mz.uwcstaging.co.uk\/pt-pt\/informacoes-para-encarregados-de-educacao-educadores-e-familias\/","title":{"rendered":"Informa\u00e7\u00f5es para encarregados de educa\u00e7\u00e3o, educadores e fam\u00edlias"},"content":{"rendered":"\n<div class=\"wp-block-studio14-blocks-site-banner-block\"><section class=\"about-banner text-centered about-banner--gradient-blue\" style=\"background-color:transparent\"><img decoding=\"async\" class=\"about-banner-bg\" src=\"http:\/\/s14.uwcstaging.co.uk\/wp-content\/uploads\/sites\/50\/2025\/04\/Campus-UWC-USA-2-1.png\" alt=\"Informa\u00e7\u00f5es para encarregados de educa\u00e7\u00e3o, educadores e fam\u00edlias\"\/><div class=\"about-banner-main centered\"><h1 class=\"about-banner-heading\">Informa\u00e7\u00f5es para encarregados de educa\u00e7\u00e3o, educadores e fam\u00edlias<\/h1><\/div><\/section><\/div>\n\n\n\n<article class=\"wp-block-studio14-blocks-side-link-block why-uwc__article\"><why-uwc-aside data-post-id=\"467\"><aside class=\"custom-sticky-aside\"><p class=\"custom-sticky-aside__header\" data-wpml-string=\"blockHeader\" data-wpml-context=\"studio14-blocks\/side-link-block\">Nesta p\u00e1gina<\/p><ul class=\"custom-sticky-aside__list\"><li class=\"custom-sticky-aside__item\"><a href=\"#ser-que-oa-prximoa-estudante-uwc-faz-parte-da-sua-\" class=\"custom-sticky-aside__link\" data-link data-wpml-string=\"sectionTitle_ser-que-oa-prximoa-estudante-uwc-faz-parte-da-sua-\" data-wpml-context=\"studio14-blocks\/side-link-block\">Ser\u00e1 que o\/a pr\u00f3ximo\/a estudante UWC faz parte da sua vida?<\/a><\/li><li class=\"custom-sticky-aside__item\"><a href=\"#o-poder-da-diversidade\" class=\"custom-sticky-aside__link\" data-link data-wpml-string=\"sectionTitle_o-poder-da-diversidade\" data-wpml-context=\"studio14-blocks\/side-link-block\">O poder da diversidade<\/a><\/li><li class=\"custom-sticky-aside__item\"><a href=\"#o-que-procuramos\" class=\"custom-sticky-aside__link\" data-link data-wpml-string=\"sectionTitle_o-que-procuramos\" data-wpml-context=\"studio14-blocks\/side-link-block\">O que procuramos<\/a><\/li><li class=\"custom-sticky-aside__item\"><a href=\"#uma-educao-transformadora\" class=\"custom-sticky-aside__link\" data-link data-wpml-string=\"sectionTitle_uma-educao-transformadora\" data-wpml-context=\"studio14-blocks\/side-link-block\">Uma educa\u00e7\u00e3o transformadora<\/a><\/li><li class=\"custom-sticky-aside__item\"><a href=\"#candidaturas\" class=\"custom-sticky-aside__link\" data-link data-wpml-string=\"sectionTitle_candidaturas\" data-wpml-context=\"studio14-blocks\/side-link-block\">Candidaturas<\/a><\/li><\/ul><\/aside><\/why-uwc-aside><section class=\"study-uwc__content\">\n<div class=\"wp-block-studio14-blocks-side-link-content-block\" id=\"ser-que-oa-prximoa-estudante-uwc-faz-parte-da-sua-\" data-is-observable=\"\"><h2 class=\"why-uwc__content-heading\" data-wpml-string=\"Ser\u00e1 que o\/a pr\u00f3ximo\/a estudante UWC faz parte da sua vida?\" data-wpml-context=\"studio14-blocks\/side-link-content-block\">Ser\u00e1 que o\/a pr\u00f3ximo\/a estudante UWC faz parte da sua vida?<\/h2><div class=\"why-uwc__content-body\"><p data-wpml-string=\"A educa\u00e7\u00e3o n\u00e3o se trata apenas de aprender sobre o que j\u00e1 aconteceu; trata-se de perceber o que pode ser o futuro. Ser\u00e1 que o\/a pr\u00f3ximo\/a estudante UWC est\u00e1 na sua sala de aula, fam\u00edlia ou comunidade?<br&gt;<br&gt;Os col\u00e9gios UWC oferecem \u00e0s pessoas jovens ferramentas para prosperar no mundo \u2013 e a confian\u00e7a e o idealismo para o mudar. Preocupa-lhe como os nossos sistemas de ensino atuais n\u00e3o satisfazem as pessoas jovens mais curiosas e entusiastas? Ou com o facto de os recursos existentes serem limitados e n\u00e3o permitirem \u00e0s pessoas jovens \u2013 dentro e fora da sala de aula \u2013 descobrir solu\u00e7\u00f5es para os desafios que o mundo enfrenta?<br&gt;<br&gt;Nos UWC, oferecemos algo diferente:<br&gt;<br&gt;- Um curr\u00edculo de ensino desafiante que desenvolve o esp\u00edrito cr\u00edtico, a versatilidade e a resili\u00eancia<br&gt;- Focamo-nos no idealismo e na tomada de a\u00e7\u00e3o, que inspira jovens a abra\u00e7ar desafios, construir esp\u00edrito de comunidade e melhorar a vida das pessoas \u00e0 sua volta<br&gt;<br&gt;Ao estudar num col\u00e9gio UWC, os\/as jovens est\u00e3o a dar um passo corajoso para transformar as suas pr\u00f3prias vidas \u2013 e as daqueles que os\/as rodeiam.\" data-wpml-context=\"studio14-blocks\/side-link-content-block\">A educa\u00e7\u00e3o n\u00e3o se trata apenas de aprender sobre o que j\u00e1 aconteceu; trata-se de perceber o que pode ser o futuro. Ser\u00e1 que o\/a pr\u00f3ximo\/a estudante UWC est\u00e1 na sua sala de aula, fam\u00edlia ou comunidade?<br><br>Os col\u00e9gios UWC oferecem \u00e0s pessoas jovens ferramentas para prosperar no mundo \u2013 e a confian\u00e7a e o idealismo para o mudar. Preocupa-lhe como os nossos sistemas de ensino atuais n\u00e3o satisfazem as pessoas jovens mais curiosas e entusiastas? Ou com o facto de os recursos existentes serem limitados e n\u00e3o permitirem \u00e0s pessoas jovens \u2013 dentro e fora da sala de aula \u2013 descobrir solu\u00e7\u00f5es para os desafios que o mundo enfrenta?<br><br>Nos UWC, oferecemos algo diferente:<br><br>&#8211; Um curr\u00edculo de ensino desafiante que desenvolve o esp\u00edrito cr\u00edtico, a versatilidade e a resili\u00eancia<br>&#8211; Focamo-nos no idealismo e na tomada de a\u00e7\u00e3o, que inspira jovens a abra\u00e7ar desafios, construir esp\u00edrito de comunidade e melhorar a vida das pessoas \u00e0 sua volta<br><br>Ao estudar num col\u00e9gio UWC, os\/as jovens est\u00e3o a dar um passo corajoso para transformar as suas pr\u00f3prias vidas \u2013 e as daqueles que os\/as rodeiam.<\/p><\/div>\n<div style=\"height:50px\" aria-hidden=\"true\" class=\"wp-block-spacer\"><\/div>\n<\/div>\n\n\n\n<div class=\"wp-block-studio14-blocks-side-link-content-block\" id=\"o-poder-da-diversidade\" data-is-observable=\"\"><h2 class=\"why-uwc__content-heading\" data-wpml-string=\"O poder da diversidade\" data-wpml-context=\"studio14-blocks\/side-link-content-block\">O poder da diversidade<\/h2><div class=\"why-uwc__content-body\"><p data-wpml-string=\"Nos UWC, a diversidade \u00e9 mais do que algo que \u00e9 abra\u00e7ado \u2013 \u00e9 o que nos motiva. Ao juntar jovens de diferentes contextos e culturas, proporcionamos-lhes oportunidades para explorar novas perspetivas e desenvolver novas maneiras de compreender o mundo.<br&gt;<br&gt;Ao ver pessoas, para l\u00e1 das suas na\u00e7\u00f5es, os\/as nossos\/as estudantes aprendem n\u00e3o apenas a respeitar a diferen\u00e7a, mas tamb\u00e9m a celebr\u00e1-la. Este compromisso com a diversidade foi um dos pilares fundamentais da cria\u00e7\u00e3o dos UWC durante a Guerra Fria, e continua a estar presente no centro da nossa miss\u00e3o.<br&gt;<br&gt;O poder de uma comunidade diversa \u00e9 transformador \u2013 n\u00e3o apenas para as pessoas estudantes, mas tamb\u00e9m para o corpo docente e administrativo, que \u00e9 constantemente inspirado pelas pessoas jovens incr\u00edveis que frequentam os UWC em todo o mundo.\" data-wpml-context=\"studio14-blocks\/side-link-content-block\">Nos UWC, a diversidade \u00e9 mais do que algo que \u00e9 abra\u00e7ado \u2013 \u00e9 o que nos motiva. Ao juntar jovens de diferentes contextos e culturas, proporcionamos-lhes oportunidades para explorar novas perspetivas e desenvolver novas maneiras de compreender o mundo.<br><br>Ao ver pessoas, para l\u00e1 das suas na\u00e7\u00f5es, os\/as nossos\/as estudantes aprendem n\u00e3o apenas a respeitar a diferen\u00e7a, mas tamb\u00e9m a celebr\u00e1-la. Este compromisso com a diversidade foi um dos pilares fundamentais da cria\u00e7\u00e3o dos UWC durante a Guerra Fria, e continua a estar presente no centro da nossa miss\u00e3o.<br><br>O poder de uma comunidade diversa \u00e9 transformador \u2013 n\u00e3o apenas para as pessoas estudantes, mas tamb\u00e9m para o corpo docente e administrativo, que \u00e9 constantemente inspirado pelas pessoas jovens incr\u00edveis que frequentam os UWC em todo o mundo.<\/p><\/div>\n<div style=\"height:50px\" aria-hidden=\"true\" class=\"wp-block-spacer\"><\/div>\n<\/div>\n\n\n\n<div class=\"wp-block-studio14-blocks-side-link-content-block\" id=\"o-que-procuramos\" data-is-observable=\"\"><h2 class=\"why-uwc__content-heading\" data-wpml-string=\"O que procuramos\" data-wpml-context=\"studio14-blocks\/side-link-content-block\">O que procuramos<\/h2><div class=\"why-uwc__content-body\"><p data-wpml-string=\"Procuramos estudantes que:<br&gt;<br&gt;1. <strong&gt;T\u00eam ambi\u00e7\u00e3o<\/strong&gt;: de mudar o mundo para melhor<br&gt;<br&gt;2. <strong&gt;S\u00e3o perseverante<\/strong&gt;s: ao enfrentar os desafios da sociedade<br&gt;<br&gt;3. <strong&gt;S\u00e3o resilientes<\/strong&gt;: perante as adversidades<br&gt;<br&gt;4. <strong&gt;T\u00eam curiosidade<\/strong&gt;: acerca de culturas, diferentes perspetivas e o mundo que os rodeia<br&gt;<br&gt;5. <strong&gt;S\u00e3o idealistas<\/strong&gt;: e, ao mesmo tempo, est\u00e3o dispon\u00edveis para ouvir e aprender<br&gt;<br&gt;Conhece algu\u00e9m com este perfil? Pode ser um\/a estudante com uma paix\u00e3o pela ci\u00eancia e solu\u00e7\u00f5es clim\u00e1ticas, ou uma pessoa envolvida na sua comunidade, ou aquele\/a estudante que est\u00e1 sempre a colocar as perguntas dif\u00edceis e a questionar o <em&gt;status quo<\/em&gt;.<br&gt;<br&gt;Encoraje-o\/a a candidatar-se aos UWC e ajude-o\/a a transformar os seus sonhos em realidade.\" data-wpml-context=\"studio14-blocks\/side-link-content-block\">Procuramos estudantes que:<br><br>1. <strong>T\u00eam ambi\u00e7\u00e3o<\/strong>: de mudar o mundo para melhor<br><br>2. <strong>S\u00e3o perseverante<\/strong>s: ao enfrentar os desafios da sociedade<br><br>3. <strong>S\u00e3o resilientes<\/strong>: perante as adversidades<br><br>4. <strong>T\u00eam curiosidade<\/strong>: acerca de culturas, diferentes perspetivas e o mundo que os rodeia<br><br>5. <strong>S\u00e3o idealistas<\/strong>: e, ao mesmo tempo, est\u00e3o dispon\u00edveis para ouvir e aprender<br><br>Conhece algu\u00e9m com este perfil? Pode ser um\/a estudante com uma paix\u00e3o pela ci\u00eancia e solu\u00e7\u00f5es clim\u00e1ticas, ou uma pessoa envolvida na sua comunidade, ou aquele\/a estudante que est\u00e1 sempre a colocar as perguntas dif\u00edceis e a questionar o <em>status quo<\/em>.<br><br>Encoraje-o\/a a candidatar-se aos UWC e ajude-o\/a a transformar os seus sonhos em realidade.<\/p><\/div>\n<div style=\"height:50px\" aria-hidden=\"true\" class=\"wp-block-spacer\"><\/div>\n<\/div>\n\n\n\n<div class=\"wp-block-studio14-blocks-side-link-content-block\" id=\"uma-educao-transformadora\" data-is-observable=\"\"><h2 class=\"why-uwc__content-heading\" data-wpml-string=\"Uma educa\u00e7\u00e3o transformadora\" data-wpml-context=\"studio14-blocks\/side-link-content-block\">Uma educa\u00e7\u00e3o transformadora<\/h2><div class=\"why-uwc__content-body\"><p data-wpml-string=\"Nos UWC, jovens de todas as esferas da vida re\u00fanem-se para aprender, crescer e agir. As nossas 18 escolas e col\u00e9gios, espalhadas por quatro continentes, oferecem:<br&gt;<br&gt;- <strong&gt;Comunidades diversificadas<\/strong&gt;: estudantes de mais de 150 pa\u00edses convivem e aprendem em conjunto, construindo compreens\u00e3o e celebrando as diferen\u00e7as.<br&gt;<br&gt;- <strong&gt;Excel\u00eancia acad\u00e9mica<\/strong&gt;: as escolas UWC oferecem o International Baccalaureate Diploma Programme (IBDP), um curr\u00edculo acad\u00e9mico de topo.<br&gt;<br&gt;- <strong&gt;Bolsas de estudo<\/strong&gt;: mais de 80% dos\/as estudantes que fazem o IBDP recebem bolsas de estudo, garantindo que a educa\u00e7\u00e3o n\u00e3o \u00e9 limitada pela sua origem socioecon\u00f3mica.<br&gt;<br&gt;Os UWC s\u00e3o mais do que educa\u00e7\u00e3o \u2013 s\u00e3o um apelo a agir em prol de um mundo melhor.\" data-wpml-context=\"studio14-blocks\/side-link-content-block\">Nos UWC, jovens de todas as esferas da vida re\u00fanem-se para aprender, crescer e agir. As nossas 18 escolas e col\u00e9gios, espalhadas por quatro continentes, oferecem:<br><br>&#8211; <strong>Comunidades diversificadas<\/strong>: estudantes de mais de 150 pa\u00edses convivem e aprendem em conjunto, construindo compreens\u00e3o e celebrando as diferen\u00e7as.<br><br>&#8211; <strong>Excel\u00eancia acad\u00e9mica<\/strong>: as escolas UWC oferecem o International Baccalaureate Diploma Programme (IBDP), um curr\u00edculo acad\u00e9mico de topo.<br><br>&#8211; <strong>Bolsas de estudo<\/strong>: mais de 80% dos\/as estudantes que fazem o IBDP recebem bolsas de estudo, garantindo que a educa\u00e7\u00e3o n\u00e3o \u00e9 limitada pela sua origem socioecon\u00f3mica.<br><br>Os UWC s\u00e3o mais do que educa\u00e7\u00e3o \u2013 s\u00e3o um apelo a agir em prol de um mundo melhor.<\/p><\/div>\n<div class=\"wp-block-studio14-blocks-accordion-block\"><div class=\"application-fees__accordion-container\"><\/div><\/div>\n\n\n\n<div style=\"height:50px\" aria-hidden=\"true\" class=\"wp-block-spacer\"><\/div>\n<\/div>\n\n\n\n<div class=\"wp-block-studio14-blocks-side-link-content-block\" id=\"candidaturas\" data-is-observable=\"\"><h2 class=\"why-uwc__content-heading\" data-wpml-string=\"Candidaturas\" data-wpml-context=\"studio14-blocks\/side-link-content-block\">Candidaturas<\/h2><div class=\"why-uwc__content-body\"><p data-wpml-string=\"As pessoas estudantes podem candidatar-se atrav\u00e9s do comit\u00e9 nacional no seu pa\u00eds de resid\u00eancia ou cidadania, ou atrav\u00e9s da <a href=&quot;https:\/\/www.uwcstaging.co.uk\/howtoapply&quot;&gt;UWC <\/a&gt;<a href=&quot;https:\/\/www.uwcstaging.co.uk\/howtoapply&quot; target=&quot;_blank&quot; rel=&quot;noreferrer noopener&quot;&gt;International<\/a&gt;. Para saber mais sobre o processo de candidatura e decidir qual a op\u00e7\u00e3o mais adequada, responda a este <a href=&quot;https:\/\/uwcstaging.co.uk\/how-to-apply\/application-quiz\/&quot; target=&quot;_blank&quot; rel=&quot;noreferrer noopener&quot;&gt;question\u00e1rio<\/a&gt;. Quer seja o\/a seu\/sua filho\/a, um\/a estudante ou algu\u00e9m na sua comunidade, esta pessoa pode fazer parte da pr\u00f3xima gera\u00e7\u00e3o de l\u00edderes e agentes de mudan\u00e7a. Incentive-o\/a a candidatar-se e ajude-o\/a a tornar os seus sonhos realidade.<br&gt;<br&gt;Uma educa\u00e7\u00e3o UWC pode n\u00e3o ser adequada para todas as pessoas. Mas, para muitas, \u00e9 uma experi\u00eancia transformadora. Talvez conhe\u00e7a algu\u00e9m que possa beneficiar desta oportunidade.\" data-wpml-context=\"studio14-blocks\/side-link-content-block\">As pessoas estudantes podem candidatar-se atrav\u00e9s do comit\u00e9 nacional no seu pa\u00eds de resid\u00eancia ou cidadania, ou atrav\u00e9s da <a href=\"https:\/\/www.uwcstaging.co.uk\/howtoapply\">UWC <\/a><a href=\"https:\/\/www.uwcstaging.co.uk\/howtoapply\" target=\"_blank\" rel=\"noreferrer noopener\">International<\/a>. Para saber mais sobre o processo de candidatura e decidir qual a op\u00e7\u00e3o mais adequada, responda a este <a href=\"https:\/\/uwcstaging.co.uk\/how-to-apply\/application-quiz\/\" target=\"_blank\" rel=\"noreferrer noopener\">question\u00e1rio<\/a>. Quer seja o\/a seu\/sua filho\/a, um\/a estudante ou algu\u00e9m na sua comunidade, esta pessoa pode fazer parte da pr\u00f3xima gera\u00e7\u00e3o de l\u00edderes e agentes de mudan\u00e7a. Incentive-o\/a a candidatar-se e ajude-o\/a a tornar os seus sonhos realidade.<br><br>Uma educa\u00e7\u00e3o UWC pode n\u00e3o ser adequada para todas as pessoas. Mas, para muitas, \u00e9 uma experi\u00eancia transformadora. Talvez conhe\u00e7a algu\u00e9m que possa beneficiar desta oportunidade.<\/p><\/div>\n<div style=\"height:30px\" aria-hidden=\"true\" class=\"wp-block-spacer\"><\/div>\n\n\n\n<a class=\"custom-link-block custom-link-block--colorful-blue\" href=\"https:\/\/pt.uwcstaging.co.uk\/candidaturas\/\" target=\"_self\" rel=\"noreferrer noopener\"><span class=\"custom-link-block__text__wrapper\"><span class=\"custom-link-block__text\">Candidaturas aqui!<\/span><\/span><\/a>\n\n\n\n<div style=\"height:50px\" aria-hidden=\"true\" class=\"wp-block-spacer\"><\/div>\n<\/div>\n<\/section><\/article>\n","protected":false},"excerpt":{"rendered":"","protected":false},"author":121,"featured_media":0,"parent":0,"menu_order":0,"comment_status":"closed","ping_status":"closed","template":"","meta":{"_acf_changed":false,"content-type":"","subsite_url":"","footnotes":""},"class_list":["post-467","page","type-page","status-publish","hentry"],"acf":[],"yoast_head":"<!-- This site is optimized with the Yoast SEO Premium plugin v25.7.1 (Yoast SEO v27.3) - https:\/\/yoast.com\/product\/yoast-seo-premium-wordpress\/ -->\n<title>Informa\u00e7\u00f5es para encarregados de educa\u00e7\u00e3o, educadores e fam\u00edlias - UWC Mozambique<\/title>\n<meta name=\"robots\" content=\"index, follow, max-snippet:-1, max-image-preview:large, max-video-preview:-1\" \/>\n<link rel=\"canonical\" href=\"https:\/\/mz.uwcstaging.co.uk\/pt-pt\/informacoes-para-encarregados-de-educacao-educadores-e-familias\/\" \/>\n<meta property=\"og:locale\" content=\"pt_PT\" \/>\n<meta property=\"og:type\" content=\"article\" \/>\n<meta property=\"og:title\" content=\"Informa\u00e7\u00f5es para encarregados de educa\u00e7\u00e3o, educadores e fam\u00edlias\" \/>\n<meta property=\"og:url\" content=\"https:\/\/mz.uwcstaging.co.uk\/pt-pt\/informacoes-para-encarregados-de-educacao-educadores-e-familias\/\" \/>\n<meta property=\"og:site_name\" content=\"UWC Mozambique\" \/>\n<meta property=\"article:publisher\" content=\"https:\/\/www.facebook.com\/ColegiosdelMundoUnidoEspana\/\" \/>\n<meta property=\"article:modified_time\" content=\"2025-09-12T21:10:43+00:00\" \/>\n<meta property=\"og:image\" content=\"http:\/\/s14.uwc.org\/wp-content\/uploads\/sites\/50\/2025\/04\/Campus-UWC-USA-2-1.png\" \/>\n<meta name=\"twitter:card\" content=\"summary_large_image\" \/>\n<meta name=\"twitter:label1\" content=\"Tempo estimado de leitura\" \/>\n\t<meta name=\"twitter:data1\" content=\"7 minutos\" \/>\n<script type=\"application\/ld+json\" class=\"yoast-schema-graph\">{\"@context\":\"https:\\\/\\\/schema.org\",\"@graph\":[{\"@type\":\"WebPage\",\"@id\":\"https:\\\/\\\/mz.uwcstaging.co.uk\\\/pt-pt\\\/informacoes-para-encarregados-de-educacao-educadores-e-familias\\\/\",\"url\":\"https:\\\/\\\/mz.uwcstaging.co.uk\\\/pt-pt\\\/informacoes-para-encarregados-de-educacao-educadores-e-familias\\\/\",\"name\":\"Informa\u00e7\u00f5es para encarregados de educa\u00e7\u00e3o, educadores e fam\u00edlias - UWC Mozambique\",\"isPartOf\":{\"@id\":\"https:\\\/\\\/mz.uwc.org\\\/#website\"},\"primaryImageOfPage\":{\"@id\":\"https:\\\/\\\/mz.uwcstaging.co.uk\\\/pt-pt\\\/informacoes-para-encarregados-de-educacao-educadores-e-familias\\\/#primaryimage\"},\"image\":{\"@id\":\"https:\\\/\\\/mz.uwcstaging.co.uk\\\/pt-pt\\\/informacoes-para-encarregados-de-educacao-educadores-e-familias\\\/#primaryimage\"},\"thumbnailUrl\":\"http:\\\/\\\/s14.uwcstaging.co.uk\\\/wp-content\\\/uploads\\\/sites\\\/50\\\/2025\\\/04\\\/Campus-UWC-USA-2-1.png\",\"datePublished\":\"2025-04-17T17:28:50+00:00\",\"dateModified\":\"2025-09-12T21:10:43+00:00\",\"breadcrumb\":{\"@id\":\"https:\\\/\\\/mz.uwcstaging.co.uk\\\/pt-pt\\\/informacoes-para-encarregados-de-educacao-educadores-e-familias\\\/#breadcrumb\"},\"inLanguage\":\"pt-PT\",\"potentialAction\":[{\"@type\":\"ReadAction\",\"target\":[\"https:\\\/\\\/mz.uwcstaging.co.uk\\\/pt-pt\\\/informacoes-para-encarregados-de-educacao-educadores-e-familias\\\/\"]}]},{\"@type\":\"ImageObject\",\"inLanguage\":\"pt-PT\",\"@id\":\"https:\\\/\\\/mz.uwcstaging.co.uk\\\/pt-pt\\\/informacoes-para-encarregados-de-educacao-educadores-e-familias\\\/#primaryimage\",\"url\":\"http:\\\/\\\/s14.uwcstaging.co.uk\\\/wp-content\\\/uploads\\\/sites\\\/50\\\/2025\\\/04\\\/Campus-UWC-USA-2-1.png\",\"contentUrl\":\"http:\\\/\\\/s14.uwcstaging.co.uk\\\/wp-content\\\/uploads\\\/sites\\\/50\\\/2025\\\/04\\\/Campus-UWC-USA-2-1.png\"},{\"@type\":\"BreadcrumbList\",\"@id\":\"https:\\\/\\\/mz.uwcstaging.co.uk\\\/pt-pt\\\/informacoes-para-encarregados-de-educacao-educadores-e-familias\\\/#breadcrumb\",\"itemListElement\":[{\"@type\":\"ListItem\",\"position\":1,\"name\":\"Home\",\"item\":\"https:\\\/\\\/mz.uwc.org\\\/pt-pt\\\/\"},{\"@type\":\"ListItem\",\"position\":2,\"name\":\"Informa\u00e7\u00f5es para encarregados de educa\u00e7\u00e3o, educadores e fam\u00edlias\"}]},{\"@type\":\"WebSite\",\"@id\":\"https:\\\/\\\/mz.uwc.org\\\/#website\",\"url\":\"https:\\\/\\\/mz.uwc.org\\\/\",\"name\":\"UWC Spain\",\"description\":\"\",\"publisher\":{\"@id\":\"https:\\\/\\\/mz.uwc.org\\\/#organization\"},\"potentialAction\":[{\"@type\":\"SearchAction\",\"target\":{\"@type\":\"EntryPoint\",\"urlTemplate\":\"https:\\\/\\\/mz.uwc.org\\\/?s={search_term_string}\"},\"query-input\":{\"@type\":\"PropertyValueSpecification\",\"valueRequired\":true,\"valueName\":\"search_term_string\"}}],\"inLanguage\":\"pt-PT\"},{\"@type\":\"Organization\",\"@id\":\"https:\\\/\\\/mz.uwc.org\\\/#organization\",\"name\":\"UWC Spain\",\"url\":\"https:\\\/\\\/mz.uwc.org\\\/\",\"logo\":{\"@type\":\"ImageObject\",\"inLanguage\":\"pt-PT\",\"@id\":\"https:\\\/\\\/mz.uwc.org\\\/#\\\/schema\\\/logo\\\/image\\\/\",\"url\":\"http:\\\/\\\/spa.uwcstaging.co.uk\\\/wp-content\\\/uploads\\\/sites\\\/11\\\/2025\\\/04\\\/Uwc-Spain-logo.jpg\",\"contentUrl\":\"http:\\\/\\\/spa.uwcstaging.co.uk\\\/wp-content\\\/uploads\\\/sites\\\/11\\\/2025\\\/04\\\/Uwc-Spain-logo.jpg\",\"width\":1957,\"height\":322,\"caption\":\"UWC Spain\"},\"image\":{\"@id\":\"https:\\\/\\\/mz.uwc.org\\\/#\\\/schema\\\/logo\\\/image\\\/\"},\"sameAs\":[\"https:\\\/\\\/www.facebook.com\\\/ColegiosdelMundoUnidoEspana\\\/\",\"https:\\\/\\\/www.youtube.com\\\/user\\\/UWCSpain\",\"https:\\\/\\\/www.linkedin.com\\\/company\\\/fundaci-n-colegios-del-mundo-unido\\\/\",\"https:\\\/\\\/www.instagram.com\\\/uwcespana\\\/\"]}]}<\/script>\n<!-- \/ Yoast SEO Premium plugin. -->","yoast_head_json":{"title":"Informa\u00e7\u00f5es para encarregados de educa\u00e7\u00e3o, educadores e fam\u00edlias - UWC Mozambique","robots":{"index":"index","follow":"follow","max-snippet":"max-snippet:-1","max-image-preview":"max-image-preview:large","max-video-preview":"max-video-preview:-1"},"canonical":"https:\/\/mz.uwcstaging.co.uk\/pt-pt\/informacoes-para-encarregados-de-educacao-educadores-e-familias\/","og_locale":"pt_PT","og_type":"article","og_title":"Informa\u00e7\u00f5es para encarregados de educa\u00e7\u00e3o, educadores e fam\u00edlias","og_url":"https:\/\/mz.uwcstaging.co.uk\/pt-pt\/informacoes-para-encarregados-de-educacao-educadores-e-familias\/","og_site_name":"UWC Mozambique","article_publisher":"https:\/\/www.facebook.com\/ColegiosdelMundoUnidoEspana\/","article_modified_time":"2025-09-12T21:10:43+00:00","og_image":[{"url":"http:\/\/s14.uwc.org\/wp-content\/uploads\/sites\/50\/2025\/04\/Campus-UWC-USA-2-1.png","type":"","width":"","height":""}],"twitter_card":"summary_large_image","twitter_misc":{"Tempo estimado de leitura":"7 minutos"},"schema":{"@context":"https:\/\/schema.org","@graph":[{"@type":"WebPage","@id":"https:\/\/mz.uwcstaging.co.uk\/pt-pt\/informacoes-para-encarregados-de-educacao-educadores-e-familias\/","url":"https:\/\/mz.uwcstaging.co.uk\/pt-pt\/informacoes-para-encarregados-de-educacao-educadores-e-familias\/","name":"Informa\u00e7\u00f5es para encarregados de educa\u00e7\u00e3o, educadores e fam\u00edlias - UWC Mozambique","isPartOf":{"@id":"https:\/\/mz.uwc.org\/#website"},"primaryImageOfPage":{"@id":"https:\/\/mz.uwcstaging.co.uk\/pt-pt\/informacoes-para-encarregados-de-educacao-educadores-e-familias\/#primaryimage"},"image":{"@id":"https:\/\/mz.uwcstaging.co.uk\/pt-pt\/informacoes-para-encarregados-de-educacao-educadores-e-familias\/#primaryimage"},"thumbnailUrl":"http:\/\/s14.uwcstaging.co.uk\/wp-content\/uploads\/sites\/50\/2025\/04\/Campus-UWC-USA-2-1.png","datePublished":"2025-04-17T17:28:50+00:00","dateModified":"2025-09-12T21:10:43+00:00","breadcrumb":{"@id":"https:\/\/mz.uwcstaging.co.uk\/pt-pt\/informacoes-para-encarregados-de-educacao-educadores-e-familias\/#breadcrumb"},"inLanguage":"pt-PT","potentialAction":[{"@type":"ReadAction","target":["https:\/\/mz.uwcstaging.co.uk\/pt-pt\/informacoes-para-encarregados-de-educacao-educadores-e-familias\/"]}]},{"@type":"ImageObject","inLanguage":"pt-PT","@id":"https:\/\/mz.uwcstaging.co.uk\/pt-pt\/informacoes-para-encarregados-de-educacao-educadores-e-familias\/#primaryimage","url":"http:\/\/s14.uwcstaging.co.uk\/wp-content\/uploads\/sites\/50\/2025\/04\/Campus-UWC-USA-2-1.png","contentUrl":"http:\/\/s14.uwcstaging.co.uk\/wp-content\/uploads\/sites\/50\/2025\/04\/Campus-UWC-USA-2-1.png"},{"@type":"BreadcrumbList","@id":"https:\/\/mz.uwcstaging.co.uk\/pt-pt\/informacoes-para-encarregados-de-educacao-educadores-e-familias\/#breadcrumb","itemListElement":[{"@type":"ListItem","position":1,"name":"Home","item":"https:\/\/mz.uwc.org\/pt-pt\/"},{"@type":"ListItem","position":2,"name":"Informa\u00e7\u00f5es para encarregados de educa\u00e7\u00e3o, educadores e fam\u00edlias"}]},{"@type":"WebSite","@id":"https:\/\/mz.uwc.org\/#website","url":"https:\/\/mz.uwc.org\/","name":"UWC Spain","description":"","publisher":{"@id":"https:\/\/mz.uwc.org\/#organization"},"potentialAction":[{"@type":"SearchAction","target":{"@type":"EntryPoint","urlTemplate":"https:\/\/mz.uwc.org\/?s={search_term_string}"},"query-input":{"@type":"PropertyValueSpecification","valueRequired":true,"valueName":"search_term_string"}}],"inLanguage":"pt-PT"},{"@type":"Organization","@id":"https:\/\/mz.uwc.org\/#organization","name":"UWC Spain","url":"https:\/\/mz.uwc.org\/","logo":{"@type":"ImageObject","inLanguage":"pt-PT","@id":"https:\/\/mz.uwc.org\/#\/schema\/logo\/image\/","url":"http:\/\/spa.uwcstaging.co.uk\/wp-content\/uploads\/sites\/11\/2025\/04\/Uwc-Spain-logo.jpg","contentUrl":"http:\/\/spa.uwcstaging.co.uk\/wp-content\/uploads\/sites\/11\/2025\/04\/Uwc-Spain-logo.jpg","width":1957,"height":322,"caption":"UWC Spain"},"image":{"@id":"https:\/\/mz.uwc.org\/#\/schema\/logo\/image\/"},"sameAs":["https:\/\/www.facebook.com\/ColegiosdelMundoUnidoEspana\/","https:\/\/www.youtube.com\/user\/UWCSpain","https:\/\/www.linkedin.com\/company\/fundaci-n-colegios-del-mundo-unido\/","https:\/\/www.instagram.com\/uwcespana\/"]}]}},"_links":{"self":[{"href":"https:\/\/mz.uwcstaging.co.uk\/pt-pt\/wp-json\/wp\/v2\/pages\/467","targetHints":{"allow":["GET"]}}],"collection":[{"href":"https:\/\/mz.uwcstaging.co.uk\/pt-pt\/wp-json\/wp\/v2\/pages"}],"about":[{"href":"https:\/\/mz.uwcstaging.co.uk\/pt-pt\/wp-json\/wp\/v2\/types\/page"}],"author":[{"embeddable":true,"href":"https:\/\/mz.uwcstaging.co.uk\/pt-pt\/wp-json\/wp\/v2\/users\/121"}],"replies":[{"embeddable":true,"href":"https:\/\/mz.uwcstaging.co.uk\/pt-pt\/wp-json\/wp\/v2\/comments?post=467"}],"version-history":[{"count":2,"href":"https:\/\/mz.uwcstaging.co.uk\/pt-pt\/wp-json\/wp\/v2\/pages\/467\/revisions"}],"predecessor-version":[{"id":559,"href":"https:\/\/mz.uwcstaging.co.uk\/pt-pt\/wp-json\/wp\/v2\/pages\/467\/revisions\/559"}],"wp:attachment":[{"href":"https:\/\/mz.uwcstaging.co.uk\/pt-pt\/wp-json\/wp\/v2\/media?parent=467"}],"curies":[{"name":"wp","href":"https:\/\/api.w.org\/{rel}","templated":true}]}}