{"id":499,"date":"2025-01-15T15:15:58","date_gmt":"2025-01-15T15:15:58","guid":{"rendered":"https:\/\/mz.uwcstaging.co.uk\/modelo-educativo\/"},"modified":"2025-09-12T16:52:59","modified_gmt":"2025-09-12T16:52:59","slug":"modelo-educativo","status":"publish","type":"page","link":"https:\/\/mz.uwcstaging.co.uk\/pt-pt\/modelo-educativo\/","title":{"rendered":"Modelo educativo"},"content":{"rendered":"\n<div class=\"wp-block-studio14-blocks-site-banner-block\"><section class=\"about-banner text-centered about-banner--gradient-green\" style=\"background-color:transparent\"><img decoding=\"async\" class=\"about-banner-bg\" src=\"https:\/\/uwcstaging.co.uk\/wp-content\/uploads\/2025\/06\/study-with-us-scaled.jpg\" alt=\"Modelo educativo\"\/><div class=\"about-banner-main centered\"><h1 class=\"about-banner-heading\">Modelo educativo<\/h1><\/div><\/section><\/div>\n\n\n\n<div class=\"wp-block-studio14-blocks-content-wrapper-block content-wrapper\">\n<div style=\"height:50px\" aria-hidden=\"true\" class=\"wp-block-spacer\"><\/div>\n\n\n\n<div class=\"wp-block-studio14-blocks-content-quote-block\"><div class=\"quote\"><q class=\"quote-text\">\u201cH\u00e1 mais em n\u00f3s do que sabemos. Se conseguirmos ser levados a v\u00ea-lo, talvez, pelo resto das nossas vidas, n\u00e3o queiramos contentar-nos com menos.\u201d<\/q><p class=\"quote-author\">Kurt Hahn, Fundador da UWC<\/p><\/div><\/div>\n\n\n\n<h6 class=\"wp-block-heading\" id=\"h-o-que-torna-a-uwc-diferente\" style=\"--custom-fontfamily:&quot;Source Serif 4&quot;, sans-serif\">O que torna a UWC diferente?<\/h6>\n\n\n\n<div style=\"height:25px\" aria-hidden=\"true\" class=\"wp-block-spacer\"><\/div>\n\n\n\n<p style=\"--custom-fontfamily:&quot;Source Sans 3&quot;, sans-serif\" class=\"\">Acreditamos que a educa\u00e7\u00e3o deve ajudar os jovens a descobrir que a mudan\u00e7a \u00e9 poss\u00edvel e que os pr\u00f3prios podem concretiz\u00e1-la.<\/p>\n\n\n\n<p style=\"--custom-fontfamily:&quot;Source Sans 3&quot;, sans-serif\" class=\"\">Como estudante UWC, aprender\u00e1s como inspirar mudan\u00e7as por meio de a\u00e7\u00f5es corajosas, lideran\u00e7a altru\u00edsta e escuta atenta. Participar\u00e1s de experi\u00eancias e atividades comunit\u00e1rias, para que estejas preparado para construir com confian\u00e7a e liderar com compaix\u00e3o na vida adulta. <\/p>\n\n\n\n<div style=\"height:50px\" aria-hidden=\"true\" class=\"wp-block-spacer\"><\/div>\n\n\n\n<h6 class=\"wp-block-heading\" id=\"h-como-o-fazemos\" style=\"--custom-fontfamily:&quot;Source Serif 4&quot;, sans-serif\">Como o fazemos?<\/h6>\n\n\n\n<div style=\"height:24px\" aria-hidden=\"true\" class=\"wp-block-spacer\"><\/div>\n\n\n\n<p style=\"--custom-fontfamily:&quot;Source Sans 3&quot;, sans-serif\" class=\"\">Constru\u00edmos o nosso modelo educativo com base num conjunto de princ\u00edpios que visam ajudar-te a alcan\u00e7ar o teu potencial &#8211; a n\u00edvel acad\u00e9mico, moral, social e emocional. Cada um dos nossos col\u00e9gios tem a sua pr\u00f3pria identidade distinta, mas partilham os mesmos valores fundamentais. <\/p>\n\n\n\n<div style=\"height:20px\" aria-hidden=\"true\" class=\"wp-block-spacer\"><\/div>\n\n\n\n<div style=\"height:25px\" aria-hidden=\"true\" class=\"wp-block-spacer\"><\/div>\n\n\n\n<ol start=\"1\" class=\"wp-block-list\">\n<li>A educa\u00e7\u00e3o deve ter lugar no seio de uma <strong>comunidade<\/strong> <strong>diversificada<\/strong>. Os estudantes devem ser selecionados de regi\u00f5es e grupos sociais que reflitam o vasto leque de tens\u00f5es e realidades entre os povos. <\/li>\n<\/ol>\n\n\n\n<div style=\"height:15px\" aria-hidden=\"true\" class=\"wp-block-spacer\"><\/div>\n\n\n\n<ol start=\"2\" class=\"wp-block-list\">\n<li>A educa\u00e7\u00e3o exige a <strong>promo\u00e7\u00e3o ativa do entendimento intercultural<\/strong> e o desenvolvimento de uma preocupa\u00e7\u00e3o genu\u00edna pelo outro, assente em experi\u00eancias de vida partilhadas e numa conviv\u00eancia cooperativa e colaborativa. Isso inclui o di\u00e1logo e o envolvimento com quest\u00f5es globais na procura da paz. <\/li>\n<\/ol>\n\n\n\n<div style=\"height:15px\" aria-hidden=\"true\" class=\"wp-block-spacer\"><\/div>\n\n\n\n<ol start=\"3\" class=\"wp-block-list\">\n<li><strong>A aptid\u00e3o f\u00edsica e um estilo de vida saud\u00e1vel<\/strong> s\u00e3o essenciais ao desenvolvimento de uma pessoa equilibrada e da expans\u00e3o do nosso potencial. Estilos de vida pouco saud\u00e1veis limitam o potencial humano. <\/li>\n<\/ol>\n\n\n\n<div style=\"height:15px\" aria-hidden=\"true\" class=\"wp-block-spacer\"><\/div>\n\n\n\n<ol start=\"4\" class=\"wp-block-list\">\n<li><strong>A intera\u00e7\u00e3o comunit\u00e1ria<\/strong> est\u00e1 no centro da vida escolar. Isso requer a participa\u00e7\u00e3o plena e ativa de todos os membros do col\u00e9gio. <\/li>\n<\/ol>\n\n\n\n<div style=\"height:15px\" aria-hidden=\"true\" class=\"wp-block-spacer\"><\/div>\n\n\n\n<ol start=\"5\" class=\"wp-block-list\">\n<li>Os estudantes devem ser capazes <strong>de agir positivamente em rela\u00e7\u00e3o \u00e0s quest\u00f5es da sustentabilidade,<\/strong> tanto a n\u00edvel institucional como individual.<\/li>\n<\/ol>\n\n\n\n<div style=\"height:15px\" aria-hidden=\"true\" class=\"wp-block-spacer\"><\/div>\n\n\n\n<ol start=\"6\" class=\"wp-block-list\">\n<li>Os alunos devem ter oportunidades para praticar a <strong>iniciativa pessoal, autodisciplina<\/strong> <strong>e responsabilidade<\/strong>, bem como para aprender a gerir riscos e enfrentar desafios. Sempre que adequado, estas oportunidades devem ser orientadas por adultos. <\/li>\n<\/ol>\n\n\n\n<div style=\"height:15px\" aria-hidden=\"true\" class=\"wp-block-spacer\"><\/div>\n\n\n\n<ol start=\"7\" class=\"wp-block-list\">\n<li>Reconhece-se que cada indiv\u00edduo possui <strong>talentos e capacidades \u00fanicos<\/strong>. Cada col\u00e9gio deve procurar oferecer programas que ajudem os alunos a desenvolver todo o seu potencial. <\/li>\n<\/ol>\n\n\n\n<div style=\"height:50px\" aria-hidden=\"true\" class=\"wp-block-spacer\"><\/div>\n\n\n\n<p style=\"--custom-fontfamily:&quot;Source Sans 3&quot;, sans-serif\" class=\"\">Base\u00e1mos o nosso modelo educativo nestes princ\u00edpios e inspir\u00e1mos milhares de alunos a desenvolver as habilidades e a confian\u00e7a necess\u00e1rias para desencadear mudan\u00e7as.<\/p>\n\n\n\n<div style=\"height:20px\" aria-hidden=\"true\" class=\"wp-block-spacer\"><\/div>\n\n\n\n<figure class=\"wp-block-image aligncenter size-full\"><img decoding=\"async\" src=\"https:\/\/uwcstaging.co.uk\/wp-content\/uploads\/2025\/06\/Math02.jpg\" alt=\"Alunos interagindo com o professor na sala de aula\" class=\"wp-image-1357293\" style=\"aspect-ratio:1.5;object-fit:cover\"\/><figcaption class=\"wp-element-caption\">  <\/figcaption><\/figure>\n\n\n\n<div style=\"height:20px\" aria-hidden=\"true\" class=\"wp-block-spacer\"><\/div>\n\n\n\n<p style=\"--custom-fontfamily:&quot;Source Sans 3&quot;, sans-serif\" class=\"\">Ap\u00f3s uma experi\u00eancia UWC, ser\u00e1s capaz de dar os pr\u00f3ximos passos no teu percurso como agente de mudan\u00e7a, seja na universidade ou noutro rumo. Sair\u00e1s com uma base acad\u00e9mica s\u00f3lida, mas tamb\u00e9m com uma compreens\u00e3o mais profunda de ti pr\u00f3prio, do mundo que te rodeia e do poder de ajudar os outros. <\/p>\n\n\n\n<div style=\"height:50px\" aria-hidden=\"true\" class=\"wp-block-spacer\"><\/div>\n\n\n\n<h6 class=\"wp-block-heading\" id=\"h-e-uma-educacao-construida-de-forma-diferente\" style=\"--custom-fontfamily:&quot;Source Serif 4&quot;, sans-serif\">\u00c9 uma educa\u00e7\u00e3o, constru\u00edda de forma diferente.<\/h6>\n\n\n\n<div style=\"height:25px\" aria-hidden=\"true\" class=\"wp-block-spacer\"><\/div>\n\n\n\n<a class=\"custom-link-block custom-link-block--colorful-green\" href=\"https:\/\/docs.google.com\/document\/d\/1yN06F0M2gWpWEamf1I2tQEJEOhINsCvQQ_OdrB1c00Q\/edit?usp=sharing\" target=\"_blank\" rel=\"noreferrer noopener\"><span class=\"custom-link-block__text__wrapper\"><span class=\"custom-link-block__text\">Fa\u00e7a o download do Modelo Educacional UWC completo (vers\u00e3o em ingl\u00eas)<\/span><\/span><\/a>\n\n\n\n<div style=\"height:100px\" aria-hidden=\"true\" class=\"wp-block-spacer\"><\/div>\n<\/div>\n","protected":false},"excerpt":{"rendered":"","protected":false},"author":1,"featured_media":0,"parent":0,"menu_order":0,"comment_status":"closed","ping_status":"closed","template":"","meta":{"_acf_changed":false,"content-type":"","subsite_url":"","footnotes":""},"class_list":["post-499","page","type-page","status-publish","hentry"],"acf":[],"yoast_head":"<!-- This site is optimized with the Yoast SEO Premium plugin v25.7.1 (Yoast SEO v27.3) - https:\/\/yoast.com\/product\/yoast-seo-premium-wordpress\/ -->\n<title>Modelo educativo - UWC Mozambique<\/title>\n<meta name=\"robots\" content=\"index, follow, max-snippet:-1, max-image-preview:large, max-video-preview:-1\" \/>\n<link rel=\"canonical\" href=\"https:\/\/mz.uwcstaging.co.uk\/pt-pt\/modelo-educativo\/\" \/>\n<meta property=\"og:locale\" content=\"pt_PT\" \/>\n<meta property=\"og:type\" content=\"article\" \/>\n<meta property=\"og:title\" content=\"Modelo educativo\" \/>\n<meta property=\"og:url\" content=\"https:\/\/mz.uwcstaging.co.uk\/pt-pt\/modelo-educativo\/\" \/>\n<meta property=\"og:site_name\" content=\"UWC Mozambique\" \/>\n<meta property=\"article:publisher\" content=\"https:\/\/www.facebook.com\/ColegiosdelMundoUnidoEspana\/\" \/>\n<meta property=\"article:modified_time\" content=\"2025-09-12T16:52:59+00:00\" \/>\n<meta property=\"og:image\" content=\"https:\/\/uwc.org\/wp-content\/uploads\/2025\/06\/study-with-us-scaled.jpg\" \/>\n<meta name=\"twitter:card\" content=\"summary_large_image\" \/>\n<meta name=\"twitter:label1\" content=\"Tempo estimado de leitura\" \/>\n\t<meta name=\"twitter:data1\" content=\"3 minutos\" \/>\n<script type=\"application\/ld+json\" class=\"yoast-schema-graph\">{\"@context\":\"https:\\\/\\\/schema.org\",\"@graph\":[{\"@type\":\"WebPage\",\"@id\":\"https:\\\/\\\/mz.uwcstaging.co.uk\\\/pt-pt\\\/modelo-educativo\\\/\",\"url\":\"https:\\\/\\\/mz.uwcstaging.co.uk\\\/pt-pt\\\/modelo-educativo\\\/\",\"name\":\"Modelo educativo - UWC Mozambique\",\"isPartOf\":{\"@id\":\"https:\\\/\\\/mz.uwc.org\\\/#website\"},\"primaryImageOfPage\":{\"@id\":\"https:\\\/\\\/mz.uwcstaging.co.uk\\\/pt-pt\\\/modelo-educativo\\\/#primaryimage\"},\"image\":{\"@id\":\"https:\\\/\\\/mz.uwcstaging.co.uk\\\/pt-pt\\\/modelo-educativo\\\/#primaryimage\"},\"thumbnailUrl\":\"https:\\\/\\\/uwcstaging.co.uk\\\/wp-content\\\/uploads\\\/2025\\\/06\\\/study-with-us-scaled.jpg\",\"datePublished\":\"2025-01-15T15:15:58+00:00\",\"dateModified\":\"2025-09-12T16:52:59+00:00\",\"breadcrumb\":{\"@id\":\"https:\\\/\\\/mz.uwcstaging.co.uk\\\/pt-pt\\\/modelo-educativo\\\/#breadcrumb\"},\"inLanguage\":\"pt-PT\",\"potentialAction\":[{\"@type\":\"ReadAction\",\"target\":[\"https:\\\/\\\/mz.uwcstaging.co.uk\\\/pt-pt\\\/modelo-educativo\\\/\"]}]},{\"@type\":\"ImageObject\",\"inLanguage\":\"pt-PT\",\"@id\":\"https:\\\/\\\/mz.uwcstaging.co.uk\\\/pt-pt\\\/modelo-educativo\\\/#primaryimage\",\"url\":\"https:\\\/\\\/uwcstaging.co.uk\\\/wp-content\\\/uploads\\\/2025\\\/06\\\/study-with-us-scaled.jpg\",\"contentUrl\":\"https:\\\/\\\/uwcstaging.co.uk\\\/wp-content\\\/uploads\\\/2025\\\/06\\\/study-with-us-scaled.jpg\"},{\"@type\":\"BreadcrumbList\",\"@id\":\"https:\\\/\\\/mz.uwcstaging.co.uk\\\/pt-pt\\\/modelo-educativo\\\/#breadcrumb\",\"itemListElement\":[{\"@type\":\"ListItem\",\"position\":1,\"name\":\"Home\",\"item\":\"https:\\\/\\\/mz.uwc.org\\\/pt-pt\\\/\"},{\"@type\":\"ListItem\",\"position\":2,\"name\":\"Modelo educativo\"}]},{\"@type\":\"WebSite\",\"@id\":\"https:\\\/\\\/mz.uwc.org\\\/#website\",\"url\":\"https:\\\/\\\/mz.uwc.org\\\/\",\"name\":\"UWC Spain\",\"description\":\"\",\"publisher\":{\"@id\":\"https:\\\/\\\/mz.uwc.org\\\/#organization\"},\"potentialAction\":[{\"@type\":\"SearchAction\",\"target\":{\"@type\":\"EntryPoint\",\"urlTemplate\":\"https:\\\/\\\/mz.uwc.org\\\/?s={search_term_string}\"},\"query-input\":{\"@type\":\"PropertyValueSpecification\",\"valueRequired\":true,\"valueName\":\"search_term_string\"}}],\"inLanguage\":\"pt-PT\"},{\"@type\":\"Organization\",\"@id\":\"https:\\\/\\\/mz.uwc.org\\\/#organization\",\"name\":\"UWC Spain\",\"url\":\"https:\\\/\\\/mz.uwc.org\\\/\",\"logo\":{\"@type\":\"ImageObject\",\"inLanguage\":\"pt-PT\",\"@id\":\"https:\\\/\\\/mz.uwc.org\\\/#\\\/schema\\\/logo\\\/image\\\/\",\"url\":\"http:\\\/\\\/spa.uwcstaging.co.uk\\\/wp-content\\\/uploads\\\/sites\\\/11\\\/2025\\\/04\\\/Uwc-Spain-logo.jpg\",\"contentUrl\":\"http:\\\/\\\/spa.uwcstaging.co.uk\\\/wp-content\\\/uploads\\\/sites\\\/11\\\/2025\\\/04\\\/Uwc-Spain-logo.jpg\",\"width\":1957,\"height\":322,\"caption\":\"UWC Spain\"},\"image\":{\"@id\":\"https:\\\/\\\/mz.uwc.org\\\/#\\\/schema\\\/logo\\\/image\\\/\"},\"sameAs\":[\"https:\\\/\\\/www.facebook.com\\\/ColegiosdelMundoUnidoEspana\\\/\",\"https:\\\/\\\/www.youtube.com\\\/user\\\/UWCSpain\",\"https:\\\/\\\/www.linkedin.com\\\/company\\\/fundaci-n-colegios-del-mundo-unido\\\/\",\"https:\\\/\\\/www.instagram.com\\\/uwcespana\\\/\"]}]}<\/script>\n<!-- \/ Yoast SEO Premium plugin. -->","yoast_head_json":{"title":"Modelo educativo - UWC Mozambique","robots":{"index":"index","follow":"follow","max-snippet":"max-snippet:-1","max-image-preview":"max-image-preview:large","max-video-preview":"max-video-preview:-1"},"canonical":"https:\/\/mz.uwcstaging.co.uk\/pt-pt\/modelo-educativo\/","og_locale":"pt_PT","og_type":"article","og_title":"Modelo educativo","og_url":"https:\/\/mz.uwcstaging.co.uk\/pt-pt\/modelo-educativo\/","og_site_name":"UWC Mozambique","article_publisher":"https:\/\/www.facebook.com\/ColegiosdelMundoUnidoEspana\/","article_modified_time":"2025-09-12T16:52:59+00:00","og_image":[{"url":"https:\/\/uwc.org\/wp-content\/uploads\/2025\/06\/study-with-us-scaled.jpg","type":"","width":"","height":""}],"twitter_card":"summary_large_image","twitter_misc":{"Tempo estimado de leitura":"3 minutos"},"schema":{"@context":"https:\/\/schema.org","@graph":[{"@type":"WebPage","@id":"https:\/\/mz.uwcstaging.co.uk\/pt-pt\/modelo-educativo\/","url":"https:\/\/mz.uwcstaging.co.uk\/pt-pt\/modelo-educativo\/","name":"Modelo educativo - UWC Mozambique","isPartOf":{"@id":"https:\/\/mz.uwc.org\/#website"},"primaryImageOfPage":{"@id":"https:\/\/mz.uwcstaging.co.uk\/pt-pt\/modelo-educativo\/#primaryimage"},"image":{"@id":"https:\/\/mz.uwcstaging.co.uk\/pt-pt\/modelo-educativo\/#primaryimage"},"thumbnailUrl":"https:\/\/uwcstaging.co.uk\/wp-content\/uploads\/2025\/06\/study-with-us-scaled.jpg","datePublished":"2025-01-15T15:15:58+00:00","dateModified":"2025-09-12T16:52:59+00:00","breadcrumb":{"@id":"https:\/\/mz.uwcstaging.co.uk\/pt-pt\/modelo-educativo\/#breadcrumb"},"inLanguage":"pt-PT","potentialAction":[{"@type":"ReadAction","target":["https:\/\/mz.uwcstaging.co.uk\/pt-pt\/modelo-educativo\/"]}]},{"@type":"ImageObject","inLanguage":"pt-PT","@id":"https:\/\/mz.uwcstaging.co.uk\/pt-pt\/modelo-educativo\/#primaryimage","url":"https:\/\/uwcstaging.co.uk\/wp-content\/uploads\/2025\/06\/study-with-us-scaled.jpg","contentUrl":"https:\/\/uwcstaging.co.uk\/wp-content\/uploads\/2025\/06\/study-with-us-scaled.jpg"},{"@type":"BreadcrumbList","@id":"https:\/\/mz.uwcstaging.co.uk\/pt-pt\/modelo-educativo\/#breadcrumb","itemListElement":[{"@type":"ListItem","position":1,"name":"Home","item":"https:\/\/mz.uwc.org\/pt-pt\/"},{"@type":"ListItem","position":2,"name":"Modelo educativo"}]},{"@type":"WebSite","@id":"https:\/\/mz.uwc.org\/#website","url":"https:\/\/mz.uwc.org\/","name":"UWC Spain","description":"","publisher":{"@id":"https:\/\/mz.uwc.org\/#organization"},"potentialAction":[{"@type":"SearchAction","target":{"@type":"EntryPoint","urlTemplate":"https:\/\/mz.uwc.org\/?s={search_term_string}"},"query-input":{"@type":"PropertyValueSpecification","valueRequired":true,"valueName":"search_term_string"}}],"inLanguage":"pt-PT"},{"@type":"Organization","@id":"https:\/\/mz.uwc.org\/#organization","name":"UWC Spain","url":"https:\/\/mz.uwc.org\/","logo":{"@type":"ImageObject","inLanguage":"pt-PT","@id":"https:\/\/mz.uwc.org\/#\/schema\/logo\/image\/","url":"http:\/\/spa.uwcstaging.co.uk\/wp-content\/uploads\/sites\/11\/2025\/04\/Uwc-Spain-logo.jpg","contentUrl":"http:\/\/spa.uwcstaging.co.uk\/wp-content\/uploads\/sites\/11\/2025\/04\/Uwc-Spain-logo.jpg","width":1957,"height":322,"caption":"UWC Spain"},"image":{"@id":"https:\/\/mz.uwc.org\/#\/schema\/logo\/image\/"},"sameAs":["https:\/\/www.facebook.com\/ColegiosdelMundoUnidoEspana\/","https:\/\/www.youtube.com\/user\/UWCSpain","https:\/\/www.linkedin.com\/company\/fundaci-n-colegios-del-mundo-unido\/","https:\/\/www.instagram.com\/uwcespana\/"]}]}},"_links":{"self":[{"href":"https:\/\/mz.uwcstaging.co.uk\/pt-pt\/wp-json\/wp\/v2\/pages\/499","targetHints":{"allow":["GET"]}}],"collection":[{"href":"https:\/\/mz.uwcstaging.co.uk\/pt-pt\/wp-json\/wp\/v2\/pages"}],"about":[{"href":"https:\/\/mz.uwcstaging.co.uk\/pt-pt\/wp-json\/wp\/v2\/types\/page"}],"author":[{"embeddable":true,"href":"https:\/\/mz.uwcstaging.co.uk\/pt-pt\/wp-json\/wp\/v2\/users\/1"}],"replies":[{"embeddable":true,"href":"https:\/\/mz.uwcstaging.co.uk\/pt-pt\/wp-json\/wp\/v2\/comments?post=499"}],"version-history":[{"count":2,"href":"https:\/\/mz.uwcstaging.co.uk\/pt-pt\/wp-json\/wp\/v2\/pages\/499\/revisions"}],"predecessor-version":[{"id":574,"href":"https:\/\/mz.uwcstaging.co.uk\/pt-pt\/wp-json\/wp\/v2\/pages\/499\/revisions\/574"}],"wp:attachment":[{"href":"https:\/\/mz.uwcstaging.co.uk\/pt-pt\/wp-json\/wp\/v2\/media?parent=499"}],"curies":[{"name":"wp","href":"https:\/\/api.w.org\/{rel}","templated":true}]}}